{"id":2353,"date":"2020-03-02T22:03:39","date_gmt":"2020-03-02T21:03:40","guid":{"rendered":"http:\/\/www.rogante.net\/?post_type=product&#038;p=2353"},"modified":"2020-10-09T03:21:01","modified_gmt":"2020-10-09T01:21:01","slug":"aussteller-36-flaschen","status":"publish","type":"product","link":"https:\/\/www.rogante.net\/de\/produkt\/aussteller-36-flaschen\/","title":{"rendered":"Aussteller 36 Flaschen"},"content":{"rendered":"<p><strong>Warum die Schaumweine Rogante so besonders sin?<\/strong><\/p>\n<ul>\n<li><strong>Neue Idee<\/strong>: Eine spannende Kombination aus Wein und 100% biologischen und konzentrierten Fruchts\u00e4ften.<\/li>\n<li><strong>Ein revolution\u00e4rer Geschmack<\/strong>: Die Schaumweine Rogante sind grandiose Begleiter festlicher Anl\u00e4sse und ein hervorragender und frischer Aperitif.<\/li>\n<li><strong>Garantierter Erfolg<\/strong>: Die Schaumweine Rogante haben die hohen Erwartungen unserer Kunden immer erf\u00fcllt.<\/li>\n<\/ul>\n<p>&nbsp;<\/p>\n<p><b><strong>Professioneller Versand<\/strong>:<\/b><\/p>\n<ul>\n<li>Lieferung in 24\/48 Stunden<\/li>\n<li>Lieferservice mit Best\u00e4tigung per E-Mail oder per SMS<\/li>\n<\/ul>\n<p>&nbsp;<\/p>\n<p><b><strong>Technische Daten<\/strong>:<\/b><\/p>\n<p class=\"p1\" style=\"text-align: justify; text-transform: uppercase; padding-top: 10px;\"><span style=\"color: #000000;\"><a style=\"padding: 5px; color: #fff; background-color: #de1100;\" href=\"\/pdf\/Rogante_Melograno_ENG.pdf\" target=\"_blank\" rel=\"noopener noreferrer\">DOWNLOAD DER BROSCH\u00dcRE<\/a><\/span><\/p>\n<p><span style=\"color: #000000;\"><a style=\"padding: 5px; color: #000000; background-color: #eccd4c;\" href=\"\/pdf\/Rogante_ExoticPassion_ENG.pdf\" target=\"_blank\" rel=\"noopener noreferrer\">DOWNLOAD DER BROSCH\u00dcRE<\/a><\/span><\/p>\n<p><span style=\"color: #ffffff;\"><a style=\"padding: 5px; color: #ffffff; background-color: #89be55;\" href=\"\/pdf\/Rogante_GreenFruits_ENG.pdf\" target=\"_blank\" rel=\"noopener noreferrer\">DOWNLOAD DER BROSCH\u00dcRE<\/a><\/span><\/p>\n<p><span style=\"color: #000;\"><a style=\"padding: 5px; color: #000; background-color: #eee;\" href=\"\/pdf\/Rogante_Sambuco_ENG.pdf\" target=\"_blank\" rel=\"noopener noreferrer\">DOWNLOAD DER BROSCH\u00dcRE<\/a><\/span><\/p>\n<p>&nbsp;<\/p>\n","protected":false},"excerpt":{"rendered":"<h2>Spumante Rogante in Ihrem Gesch\u00e4ft<\/h2>\n<p>VORTEILE F\u00dcR DEN EINZELH\u00c4NDLER<\/p>\n<ul>\n<li>Es unterscheidet sich von der Konkurrenz<\/li>\n<li>Es bietet seinen Kunden eine gr\u00f6\u00dfere Produktpalette<\/li>\n<li>Es pr\u00e4sentiert ein innovatives Produkt, das dem Stil des Gesch\u00e4fts entspricht<\/li>\n<li>Bauen Sie Kundenbindung auf und f\u00f6rdern Sie den R\u00fcckkauf<\/li>\n<\/ul>\n<p>&nbsp;<\/p>\n<p>VORTEILE F\u00dcR DEN SHOP-KUNDEN<\/p>\n<ul>\n<li>Finden Sie innovative Produkte, ohne reisen zu m\u00fcssen<\/li>\n<li>Er ist beeindruckt von der Neuheit und kommt h\u00e4ufiger zur\u00fcck<\/li>\n<li>Er wird seine Eindr\u00fccke unter seinen Bekannten verbreiten<\/li>\n<\/ul>\n<p>&nbsp;<\/p>\n<p>Was du bekommst:<\/p>\n<ul>\n<li>6 Flaschen 0,75 l Granatapfel-Sekt<\/li>\n<li>12 Flaschen 0,75 l Exotic Passion Sekt<\/li>\n<li>6 Flaschen 0,75 l Sekt mit gr\u00fcnen Fr\u00fcchten<\/li>\n<li>12 Flaschen 0,75 l Holunderbl\u00fcten-Sekt<\/li>\n<li>Rogante Display in Pappe von 36 Flaschen<\/li>\n<\/ul>\n<p>&nbsp;<\/p>\n<p>Wie funktioniert es:<\/p>\n<ul>\n<li>Erhalten Sie die Bestellung und montieren Sie das Karton-Display<\/li>\n<li>W\u00e4hlen Sie den am besten geeigneten Ort, um den Aussteller zu platzieren<\/li>\n<li>\u00d6ffnen Sie die Flaschenkartons und zeigen Sie sie auf dem Display an<\/li>\n<\/ul>\n<p>&nbsp;<\/p>\n<p>Bedingungen:<\/p>\n<ul>\n<li>Kostenlose Versandkosten<\/li>\n<\/ul>\n","protected":false},"featured_media":2119,"comment_status":"open","ping_status":"closed","template":"","meta":[],"product_cat":[96],"product_tag":[],"class_list":{"0":"post-2353","1":"product","2":"type-product","3":"status-publish","4":"has-post-thumbnail","6":"product_cat-b2b-de","7":"pa_gusto-spumante-holunderblueten","8":"pa_gusto-spumante-granatapfel","9":"pa_gusto-spumante-gruene-fruechte","10":"pa_gusto-spumante-exotische-fruechte","12":"first","13":"instock","14":"taxable","15":"shipping-taxable","16":"purchasable","17":"product-type-bundle"},"bundle_layout":"tabular","bundled_by":[],"bundled_items":[{"bundled_item_id":5,"product_id":2287,"menu_order":0,"quantity_min":6,"quantity_max":6,"quantity_default":6,"priced_individually":false,"shipped_individually":false,"override_title":false,"title":"Rogante Melograno","override_description":true,"description":"","optional":false,"hide_thumbnail":false,"discount":"","override_variations":false,"allowed_variations":[""],"override_default_variation_attributes":false,"default_variation_attributes":[],"single_product_visibility":"visible","cart_visibility":"visible","order_visibility":"visible","single_product_price_visibility":"visible","cart_price_visibility":"visible","order_price_visibility":"visible","stock_status":"in_stock"},{"bundled_item_id":6,"product_id":2286,"menu_order":1,"quantity_min":12,"quantity_max":12,"quantity_default":12,"priced_individually":false,"shipped_individually":false,"override_title":false,"title":"Rogante ExoticPassion","override_description":true,"description":"","optional":false,"hide_thumbnail":false,"discount":"","override_variations":false,"allowed_variations":[""],"override_default_variation_attributes":false,"default_variation_attributes":[],"single_product_visibility":"visible","cart_visibility":"visible","order_visibility":"visible","single_product_price_visibility":"visible","cart_price_visibility":"visible","order_price_visibility":"visible","stock_status":"in_stock"},{"bundled_item_id":7,"product_id":2285,"menu_order":2,"quantity_min":6,"quantity_max":6,"quantity_default":6,"priced_individually":false,"shipped_individually":false,"override_title":false,"title":"Rogante GreenFruits","override_description":true,"description":"","optional":false,"hide_thumbnail":false,"discount":"","override_variations":false,"allowed_variations":[""],"override_default_variation_attributes":false,"default_variation_attributes":[],"single_product_visibility":"visible","cart_visibility":"visible","order_visibility":"visible","single_product_price_visibility":"visible","cart_price_visibility":"visible","order_price_visibility":"visible","stock_status":"in_stock"},{"bundled_item_id":8,"product_id":2311,"menu_order":3,"quantity_min":12,"quantity_max":12,"quantity_default":12,"priced_individually":false,"shipped_individually":false,"override_title":false,"title":"Rogante Holunderbl\u00fcten","override_description":true,"description":"","optional":false,"hide_thumbnail":false,"discount":"","override_variations":false,"allowed_variations":[""],"override_default_variation_attributes":false,"default_variation_attributes":[],"single_product_visibility":"visible","cart_visibility":"visible","order_visibility":"visible","single_product_price_visibility":"visible","cart_price_visibility":"visible","order_price_visibility":"visible","stock_status":"in_stock"}],"yoast_head":"<!-- This site is optimized with the Yoast SEO plugin v26.2 - https:\/\/yoast.com\/wordpress\/plugins\/seo\/ -->\n<title>Aussteller 36 Flaschen - Rogante<\/title>\n<meta name=\"robots\" content=\"index, follow, max-snippet:-1, max-image-preview:large, max-video-preview:-1\" \/>\n<link rel=\"canonical\" href=\"https:\/\/www.rogante.net\/de\/produkt\/aussteller-36-flaschen\/\" \/>\n<meta property=\"og:locale\" content=\"de_DE\" \/>\n<meta property=\"og:type\" content=\"article\" \/>\n<meta property=\"og:title\" content=\"Aussteller 36 Flaschen - Rogante\" \/>\n<meta property=\"og:description\" content=\"Spumante Rogante in Ihrem Gesch\u00e4ft VORTEILE F\u00dcR DEN EINZELH\u00c4NDLER   Es unterscheidet sich von der Konkurrenz  Es bietet seinen Kunden eine gr\u00f6\u00dfere Produktpalette  Es pr\u00e4sentiert ein innovatives Produkt, das dem Stil des Gesch\u00e4fts entspricht  Bauen Sie Kundenbindung auf und f\u00f6rdern Sie den R\u00fcckkauf  &nbsp;  VORTEILE F\u00dcR DEN SHOP-KUNDEN   Finden Sie innovative Produkte, ohne reisen zu m\u00fcssen  Er ist beeindruckt von der Neuheit und kommt h\u00e4ufiger zur\u00fcck  Er wird seine Eindr\u00fccke unter seinen Bekannten verbreiten  &nbsp;  Was du bekommst:   6 Flaschen 0,75 l Granatapfel-Sekt  12 Flaschen 0,75 l Exotic Passion Sekt  6 Flaschen 0,75 l Sekt mit gr\u00fcnen Fr\u00fcchten  12 Flaschen 0,75 l Holunderbl\u00fcten-Sekt  Rogante Display in Pappe von 36 Flaschen  &nbsp;  Wie funktioniert es:   Erhalten Sie die Bestellung und montieren Sie das Karton-Display  W\u00e4hlen Sie den am besten geeigneten Ort, um den Aussteller zu platzieren  \u00d6ffnen Sie die Flaschenkartons und zeigen Sie sie auf dem Display an  &nbsp;  Bedingungen:   Kostenlose Versandkosten\" \/>\n<meta property=\"og:url\" content=\"https:\/\/www.rogante.net\/de\/produkt\/aussteller-36-flaschen\/\" \/>\n<meta property=\"og:site_name\" content=\"Rogante\" \/>\n<meta property=\"article:modified_time\" content=\"2020-10-09T01:21:01+00:00\" \/>\n<meta property=\"og:image\" content=\"https:\/\/www.rogante.net\/wp-content\/uploads\/2020\/10\/DSCF4390-Modifica.jpg\" \/>\n\t<meta property=\"og:image:width\" content=\"1200\" \/>\n\t<meta property=\"og:image:height\" content=\"1800\" \/>\n\t<meta property=\"og:image:type\" content=\"image\/jpeg\" \/>\n<meta name=\"twitter:card\" content=\"summary_large_image\" \/>\n<script type=\"application\/ld+json\" class=\"yoast-schema-graph\">{\"@context\":\"https:\/\/schema.org\",\"@graph\":[{\"@type\":\"WebPage\",\"@id\":\"https:\/\/www.rogante.net\/de\/produkt\/aussteller-36-flaschen\/\",\"url\":\"https:\/\/www.rogante.net\/de\/produkt\/aussteller-36-flaschen\/\",\"name\":\"Aussteller 36 Flaschen - Rogante\",\"isPartOf\":{\"@id\":\"http:\/\/www.rogante.net\/de\/#website\"},\"primaryImageOfPage\":{\"@id\":\"https:\/\/www.rogante.net\/de\/produkt\/aussteller-36-flaschen\/#primaryimage\"},\"image\":{\"@id\":\"https:\/\/www.rogante.net\/de\/produkt\/aussteller-36-flaschen\/#primaryimage\"},\"thumbnailUrl\":\"https:\/\/www.rogante.net\/wp-content\/uploads\/2020\/10\/DSCF4390-Modifica.jpg\",\"datePublished\":\"2020-03-02T21:03:40+00:00\",\"dateModified\":\"2020-10-09T01:21:01+00:00\",\"breadcrumb\":{\"@id\":\"https:\/\/www.rogante.net\/de\/produkt\/aussteller-36-flaschen\/#breadcrumb\"},\"inLanguage\":\"de\",\"potentialAction\":[{\"@type\":\"ReadAction\",\"target\":[\"https:\/\/www.rogante.net\/de\/produkt\/aussteller-36-flaschen\/\"]}]},{\"@type\":\"ImageObject\",\"inLanguage\":\"de\",\"@id\":\"https:\/\/www.rogante.net\/de\/produkt\/aussteller-36-flaschen\/#primaryimage\",\"url\":\"https:\/\/www.rogante.net\/wp-content\/uploads\/2020\/10\/DSCF4390-Modifica.jpg\",\"contentUrl\":\"https:\/\/www.rogante.net\/wp-content\/uploads\/2020\/10\/DSCF4390-Modifica.jpg\",\"width\":1200,\"height\":1800},{\"@type\":\"BreadcrumbList\",\"@id\":\"https:\/\/www.rogante.net\/de\/produkt\/aussteller-36-flaschen\/#breadcrumb\",\"itemListElement\":[{\"@type\":\"ListItem\",\"position\":1,\"name\":\"Home\",\"item\":\"http:\/\/www.rogante.net\/de\/\"},{\"@type\":\"ListItem\",\"position\":2,\"name\":\"Shop\",\"item\":\"http:\/\/www.rogante.net\/de\/shop\/\"},{\"@type\":\"ListItem\",\"position\":3,\"name\":\"Aussteller 36 Flaschen\"}]},{\"@type\":\"WebSite\",\"@id\":\"http:\/\/www.rogante.net\/de\/#website\",\"url\":\"http:\/\/www.rogante.net\/de\/\",\"name\":\"Rogante\",\"description\":\"Premium Sparkling Fruits\",\"potentialAction\":[{\"@type\":\"SearchAction\",\"target\":{\"@type\":\"EntryPoint\",\"urlTemplate\":\"http:\/\/www.rogante.net\/de\/?s={search_term_string}\"},\"query-input\":{\"@type\":\"PropertyValueSpecification\",\"valueRequired\":true,\"valueName\":\"search_term_string\"}}],\"inLanguage\":\"de\"}]}<\/script>\n<!-- \/ Yoast SEO plugin. -->","yoast_head_json":{"title":"Aussteller 36 Flaschen - Rogante","robots":{"index":"index","follow":"follow","max-snippet":"max-snippet:-1","max-image-preview":"max-image-preview:large","max-video-preview":"max-video-preview:-1"},"canonical":"https:\/\/www.rogante.net\/de\/produkt\/aussteller-36-flaschen\/","og_locale":"de_DE","og_type":"article","og_title":"Aussteller 36 Flaschen - Rogante","og_description":"Spumante Rogante in Ihrem Gesch\u00e4ft VORTEILE F\u00dcR DEN EINZELH\u00c4NDLER   Es unterscheidet sich von der Konkurrenz  Es bietet seinen Kunden eine gr\u00f6\u00dfere Produktpalette  Es pr\u00e4sentiert ein innovatives Produkt, das dem Stil des Gesch\u00e4fts entspricht  Bauen Sie Kundenbindung auf und f\u00f6rdern Sie den R\u00fcckkauf  &nbsp;  VORTEILE F\u00dcR DEN SHOP-KUNDEN   Finden Sie innovative Produkte, ohne reisen zu m\u00fcssen  Er ist beeindruckt von der Neuheit und kommt h\u00e4ufiger zur\u00fcck  Er wird seine Eindr\u00fccke unter seinen Bekannten verbreiten  &nbsp;  Was du bekommst:   6 Flaschen 0,75 l Granatapfel-Sekt  12 Flaschen 0,75 l Exotic Passion Sekt  6 Flaschen 0,75 l Sekt mit gr\u00fcnen Fr\u00fcchten  12 Flaschen 0,75 l Holunderbl\u00fcten-Sekt  Rogante Display in Pappe von 36 Flaschen  &nbsp;  Wie funktioniert es:   Erhalten Sie die Bestellung und montieren Sie das Karton-Display  W\u00e4hlen Sie den am besten geeigneten Ort, um den Aussteller zu platzieren  \u00d6ffnen Sie die Flaschenkartons und zeigen Sie sie auf dem Display an  &nbsp;  Bedingungen:   Kostenlose Versandkosten","og_url":"https:\/\/www.rogante.net\/de\/produkt\/aussteller-36-flaschen\/","og_site_name":"Rogante","article_modified_time":"2020-10-09T01:21:01+00:00","og_image":[{"width":1200,"height":1800,"url":"https:\/\/www.rogante.net\/wp-content\/uploads\/2020\/10\/DSCF4390-Modifica.jpg","type":"image\/jpeg"}],"twitter_card":"summary_large_image","schema":{"@context":"https:\/\/schema.org","@graph":[{"@type":"WebPage","@id":"https:\/\/www.rogante.net\/de\/produkt\/aussteller-36-flaschen\/","url":"https:\/\/www.rogante.net\/de\/produkt\/aussteller-36-flaschen\/","name":"Aussteller 36 Flaschen - Rogante","isPartOf":{"@id":"http:\/\/www.rogante.net\/de\/#website"},"primaryImageOfPage":{"@id":"https:\/\/www.rogante.net\/de\/produkt\/aussteller-36-flaschen\/#primaryimage"},"image":{"@id":"https:\/\/www.rogante.net\/de\/produkt\/aussteller-36-flaschen\/#primaryimage"},"thumbnailUrl":"https:\/\/www.rogante.net\/wp-content\/uploads\/2020\/10\/DSCF4390-Modifica.jpg","datePublished":"2020-03-02T21:03:40+00:00","dateModified":"2020-10-09T01:21:01+00:00","breadcrumb":{"@id":"https:\/\/www.rogante.net\/de\/produkt\/aussteller-36-flaschen\/#breadcrumb"},"inLanguage":"de","potentialAction":[{"@type":"ReadAction","target":["https:\/\/www.rogante.net\/de\/produkt\/aussteller-36-flaschen\/"]}]},{"@type":"ImageObject","inLanguage":"de","@id":"https:\/\/www.rogante.net\/de\/produkt\/aussteller-36-flaschen\/#primaryimage","url":"https:\/\/www.rogante.net\/wp-content\/uploads\/2020\/10\/DSCF4390-Modifica.jpg","contentUrl":"https:\/\/www.rogante.net\/wp-content\/uploads\/2020\/10\/DSCF4390-Modifica.jpg","width":1200,"height":1800},{"@type":"BreadcrumbList","@id":"https:\/\/www.rogante.net\/de\/produkt\/aussteller-36-flaschen\/#breadcrumb","itemListElement":[{"@type":"ListItem","position":1,"name":"Home","item":"http:\/\/www.rogante.net\/de\/"},{"@type":"ListItem","position":2,"name":"Shop","item":"http:\/\/www.rogante.net\/de\/shop\/"},{"@type":"ListItem","position":3,"name":"Aussteller 36 Flaschen"}]},{"@type":"WebSite","@id":"http:\/\/www.rogante.net\/de\/#website","url":"http:\/\/www.rogante.net\/de\/","name":"Rogante","description":"Premium Sparkling Fruits","potentialAction":[{"@type":"SearchAction","target":{"@type":"EntryPoint","urlTemplate":"http:\/\/www.rogante.net\/de\/?s={search_term_string}"},"query-input":{"@type":"PropertyValueSpecification","valueRequired":true,"valueName":"search_term_string"}}],"inLanguage":"de"}]}},"_links":{"self":[{"href":"https:\/\/www.rogante.net\/de\/wp-json\/wp\/v2\/product\/2353","targetHints":{"allow":["GET"]}}],"collection":[{"href":"https:\/\/www.rogante.net\/de\/wp-json\/wp\/v2\/product"}],"about":[{"href":"https:\/\/www.rogante.net\/de\/wp-json\/wp\/v2\/types\/product"}],"replies":[{"embeddable":true,"href":"https:\/\/www.rogante.net\/de\/wp-json\/wp\/v2\/comments?post=2353"}],"wp:featuredmedia":[{"embeddable":true,"href":"https:\/\/www.rogante.net\/de\/wp-json\/wp\/v2\/media\/2119"}],"wp:attachment":[{"href":"https:\/\/www.rogante.net\/de\/wp-json\/wp\/v2\/media?parent=2353"}],"wp:term":[{"taxonomy":"product_cat","embeddable":true,"href":"https:\/\/www.rogante.net\/de\/wp-json\/wp\/v2\/product_cat?post=2353"},{"taxonomy":"product_tag","embeddable":true,"href":"https:\/\/www.rogante.net\/de\/wp-json\/wp\/v2\/product_tag?post=2353"}],"curies":[{"name":"wp","href":"https:\/\/api.w.org\/{rel}","templated":true}]}}