{"id":2315,"date":"2019-01-15T11:17:38","date_gmt":"2019-01-15T10:17:39","guid":{"rendered":"http:\/\/www.rogante.net\/prodotto\/promo-eiskubel-rogante-schaumwein-holunderblueten\/"},"modified":"2020-10-09T02:38:30","modified_gmt":"2020-10-09T00:38:30","slug":"promo-eis-tasche-rogante-schaumwein-holunderblueten","status":"publish","type":"product","link":"https:\/\/www.rogante.net\/de\/produkt\/promo-eis-tasche-rogante-schaumwein-holunderblueten\/","title":{"rendered":"Promo Eis Tasche Rogante + Schaumwein \u201cHolunderbl\u00fcten&#8220;"},"content":{"rendered":"<p><strong>Warum die Schaumweine Rogante so besonders sind\u2026<\/strong><\/p>\n<ul>\n<li><strong>Neue Idee<\/strong>: Eine spannende Kombination aus Wein und 100% biologischen und konzentrierten Fruchts\u00e4ften.<\/li>\n<li><strong>Ein revolution\u00e4rer Geschmack<\/strong>: Die Schaumweine Rogante sind grandiose Begleiter festlicher Anl\u00e4sse und ein hervorragender und frischer Aperitif.<\/li>\n<li><strong>Garantierter Erfolg<\/strong>: Die Schaumweine Rogante haben die hohen Erwartungen unserer<\/li>\n<\/ul>\n<p>&nbsp;<\/p>\n<p><strong>Professioneller Versand:<\/strong><\/p>\n<ul>\n<li>Lieferung in 24\/48 Stunden<\/li>\n<li>Lieferservice mit Best\u00e4tigung per E-Mail oder per SMS<\/li>\n<\/ul>\n<p>&nbsp;<\/p>\n<p>Wei\u00dfe, blumige D\u00fcfte nach Akazienbl\u00fcten und Jasmin begleiten ein intensives und verfeinertes Gef\u00fchl frischer Holunderbl\u00fcten f\u00fcr einen Sekt, der die verfolgte Blume des Augenblicks repr\u00e4sentieren sollte.<\/p>\n<p>Dank der exklusiven Rogante-Methode k\u00f6nnen die intensiven Aromen des 100% nat\u00fcrlichen Holunderbl\u00fcten-Nektar-Extrakts mit dem Wein durch eine Wiederg\u00e4rung der Charmat-Methode f\u00fcr die besten Schaumweine mit heimischen Hefen vermischt werden. Dank dieser innovativen Methode beh\u00e4lt Rogante Fior di Sambuco den gleichen Alkoholgehalt des Weins bei, aus dem er stammt, und die Methode selbst garantiert absolute Qualit\u00e4t.<\/p>\n<p><strong>Farbe und Perlage<\/strong><br \/>\nHell strohgelb mit deutlichen Reflexen auf Papier, jedoch heller, feiner und anhaltender Perlage, wei\u00dfer und duftender Schaum, volumin\u00f6s, weich und von mittlerer Dauer.<\/p>\n<p><strong>Aroma<\/strong><br \/>\nMarkiertes Blumen-, Fr\u00fchlings- und umh\u00fcllendes Gef\u00fchl von wei\u00dfen Bl\u00fcten, gleichbedeutend mit Jugend und unbeschwertem Alter.<\/p>\n<p><strong>Geschmack<\/strong><br \/>\nVoll und umh\u00fcllend im Geschmack, ausgewogen und rund, mit leichter Nachgiebigkeit im Abgang.<\/p>\n<p><strong>Tipps f\u00fcr die Kombination von Essen &amp; Wein<\/strong><br \/>\nAllein oder als Aperitif oder in Kombination mit kalten Speisen, Parfaits, Obstbechern und Eiscreme.<\/p>\n<p class=\"p1\" style=\"text-align: justify; text-transform: uppercase; padding-top: 10px;\"><span style=\"color: #000;\"><a style=\"padding: 5px; color: #000000; background-color: #eee;\" href=\"\/pdf\/Rogante_Sambuco_ENG.pdf\" target=\"_blank\" rel=\"noopener noreferrer\">Download der Brosch\u00fcre<\/a><\/span><\/p>\n","protected":false},"excerpt":{"rendered":"<h2 class=\"p2\">LASSEN SIE SICH VERW\u00d6HNEN<\/h2>\n<p>Der Schaumwein Rogante ist der grandiose Begleiter festlicher Anl\u00e4sse.<\/p>\n<p>Genie\u00dfen Sie unsere Schaumweine am Strand, zuhause oder als Aperitif mit Freunden. Benutzen Sie daf\u00fcr den Eis Tasche Rogante und Sie werden Ihre Lieblings-Schaumweine immer kalt genie\u00dfen.<\/p>\n<p>&nbsp;<\/p>\n<p><strong>Wie geht<\/strong><strong> das<\/strong><strong>?<\/strong><\/p>\n<ul>\n<li>F\u00fcllen Sie den Eisk\u00fcbel mit Eisw\u00fcrfeln<\/li>\n<li>Stellen Sie die Flasche Ihres Lieblings-Schaumweins ins Eis<\/li>\n<\/ul>\n<p>&nbsp;<\/p>\n<p><strong>Was erhalten Sie<\/strong>?<\/p>\n<ul>\n<li>1 Flasche Schaumwein Rogante \u201cHolunderbl\u00fcten\u201d (0,75 l)<\/li>\n<li>1 Eis Tasche Rogante<\/li>\n<\/ul>\n","protected":false},"featured_media":50840,"comment_status":"open","ping_status":"closed","template":"","meta":[],"product_cat":[],"product_tag":[],"class_list":{"0":"post-2315","1":"product","2":"type-product","3":"status-publish","4":"has-post-thumbnail","6":"pa_gusto-spumante-holunderblueten","8":"first","9":"instock","10":"taxable","11":"shipping-taxable","12":"purchasable","13":"product-type-simple"},"bundle_layout":"","bundled_by":[],"bundled_items":[],"yoast_head":"<!-- This site is optimized with the Yoast SEO plugin v26.2 - https:\/\/yoast.com\/wordpress\/plugins\/seo\/ -->\n<title>Promo Eis Tasche Rogante + Schaumwein \u201cHolunderbl\u00fcten&quot; - Rogante<\/title>\n<meta name=\"robots\" content=\"index, follow, max-snippet:-1, max-image-preview:large, max-video-preview:-1\" \/>\n<link rel=\"canonical\" href=\"https:\/\/www.rogante.net\/de\/produkt\/promo-eis-tasche-rogante-schaumwein-holunderblueten\/\" \/>\n<meta property=\"og:locale\" content=\"de_DE\" \/>\n<meta property=\"og:type\" content=\"article\" \/>\n<meta property=\"og:title\" content=\"Promo Eis Tasche Rogante + Schaumwein \u201cHolunderbl\u00fcten&quot; - Rogante\" \/>\n<meta property=\"og:description\" content=\"LASSEN SIE SICH VERW\u00d6HNEN Der Schaumwein Rogante ist der grandiose Begleiter festlicher Anl\u00e4sse.  Genie\u00dfen Sie unsere Schaumweine am Strand, zuhause oder als Aperitif mit Freunden. Benutzen Sie daf\u00fcr den Eis Tasche Rogante und Sie werden Ihre Lieblings-Schaumweine immer kalt genie\u00dfen.  &nbsp;  Wie geht das?   F\u00fcllen Sie den Eisk\u00fcbel mit Eisw\u00fcrfeln  Stellen Sie die Flasche Ihres Lieblings-Schaumweins ins Eis  &nbsp;  Was erhalten Sie?   1 Flasche Schaumwein Rogante \u201cHolunderbl\u00fcten\u201d (0,75 l)  1 Eis Tasche Rogante\" \/>\n<meta property=\"og:url\" content=\"https:\/\/www.rogante.net\/de\/produkt\/promo-eis-tasche-rogante-schaumwein-holunderblueten\/\" \/>\n<meta property=\"og:site_name\" content=\"Rogante\" \/>\n<meta property=\"article:modified_time\" content=\"2020-10-09T00:38:30+00:00\" \/>\n<meta property=\"og:image\" content=\"https:\/\/www.rogante.net\/wp-content\/uploads\/2019\/01\/rogante_ice-bag_fiori_di_sambuco_OK.jpg\" \/>\n\t<meta property=\"og:image:width\" content=\"1800\" \/>\n\t<meta property=\"og:image:height\" content=\"1800\" \/>\n\t<meta property=\"og:image:type\" content=\"image\/jpeg\" \/>\n<meta name=\"twitter:card\" content=\"summary_large_image\" \/>\n<meta name=\"twitter:label1\" content=\"Gesch\u00e4tzte Lesezeit\" \/>\n\t<meta name=\"twitter:data1\" content=\"1\u00a0Minute\" \/>\n<script type=\"application\/ld+json\" class=\"yoast-schema-graph\">{\"@context\":\"https:\/\/schema.org\",\"@graph\":[{\"@type\":\"WebPage\",\"@id\":\"https:\/\/www.rogante.net\/de\/produkt\/promo-eis-tasche-rogante-schaumwein-holunderblueten\/\",\"url\":\"https:\/\/www.rogante.net\/de\/produkt\/promo-eis-tasche-rogante-schaumwein-holunderblueten\/\",\"name\":\"Promo Eis Tasche Rogante + Schaumwein \u201cHolunderbl\u00fcten\\\" - Rogante\",\"isPartOf\":{\"@id\":\"http:\/\/www.rogante.net\/de\/#website\"},\"primaryImageOfPage\":{\"@id\":\"https:\/\/www.rogante.net\/de\/produkt\/promo-eis-tasche-rogante-schaumwein-holunderblueten\/#primaryimage\"},\"image\":{\"@id\":\"https:\/\/www.rogante.net\/de\/produkt\/promo-eis-tasche-rogante-schaumwein-holunderblueten\/#primaryimage\"},\"thumbnailUrl\":\"https:\/\/www.rogante.net\/wp-content\/uploads\/2019\/01\/rogante_ice-bag_fiori_di_sambuco_OK.jpg\",\"datePublished\":\"2019-01-15T10:17:39+00:00\",\"dateModified\":\"2020-10-09T00:38:30+00:00\",\"breadcrumb\":{\"@id\":\"https:\/\/www.rogante.net\/de\/produkt\/promo-eis-tasche-rogante-schaumwein-holunderblueten\/#breadcrumb\"},\"inLanguage\":\"de\",\"potentialAction\":[{\"@type\":\"ReadAction\",\"target\":[\"https:\/\/www.rogante.net\/de\/produkt\/promo-eis-tasche-rogante-schaumwein-holunderblueten\/\"]}]},{\"@type\":\"ImageObject\",\"inLanguage\":\"de\",\"@id\":\"https:\/\/www.rogante.net\/de\/produkt\/promo-eis-tasche-rogante-schaumwein-holunderblueten\/#primaryimage\",\"url\":\"https:\/\/www.rogante.net\/wp-content\/uploads\/2019\/01\/rogante_ice-bag_fiori_di_sambuco_OK.jpg\",\"contentUrl\":\"https:\/\/www.rogante.net\/wp-content\/uploads\/2019\/01\/rogante_ice-bag_fiori_di_sambuco_OK.jpg\",\"width\":1800,\"height\":1800},{\"@type\":\"BreadcrumbList\",\"@id\":\"https:\/\/www.rogante.net\/de\/produkt\/promo-eis-tasche-rogante-schaumwein-holunderblueten\/#breadcrumb\",\"itemListElement\":[{\"@type\":\"ListItem\",\"position\":1,\"name\":\"Home\",\"item\":\"http:\/\/www.rogante.net\/de\/\"},{\"@type\":\"ListItem\",\"position\":2,\"name\":\"Shop\",\"item\":\"https:\/\/www.rogante.net\/de\/shop\/\"},{\"@type\":\"ListItem\",\"position\":3,\"name\":\"Promo Eis Tasche Rogante + Schaumwein \u201cHolunderbl\u00fcten&#8220;\"}]},{\"@type\":\"WebSite\",\"@id\":\"http:\/\/www.rogante.net\/de\/#website\",\"url\":\"http:\/\/www.rogante.net\/de\/\",\"name\":\"Rogante\",\"description\":\"Premium Sparkling Fruits\",\"potentialAction\":[{\"@type\":\"SearchAction\",\"target\":{\"@type\":\"EntryPoint\",\"urlTemplate\":\"http:\/\/www.rogante.net\/de\/?s={search_term_string}\"},\"query-input\":{\"@type\":\"PropertyValueSpecification\",\"valueRequired\":true,\"valueName\":\"search_term_string\"}}],\"inLanguage\":\"de\"}]}<\/script>\n<!-- \/ Yoast SEO plugin. -->","yoast_head_json":{"title":"Promo Eis Tasche Rogante + Schaumwein \u201cHolunderbl\u00fcten\" - Rogante","robots":{"index":"index","follow":"follow","max-snippet":"max-snippet:-1","max-image-preview":"max-image-preview:large","max-video-preview":"max-video-preview:-1"},"canonical":"https:\/\/www.rogante.net\/de\/produkt\/promo-eis-tasche-rogante-schaumwein-holunderblueten\/","og_locale":"de_DE","og_type":"article","og_title":"Promo Eis Tasche Rogante + Schaumwein \u201cHolunderbl\u00fcten\" - Rogante","og_description":"LASSEN SIE SICH VERW\u00d6HNEN Der Schaumwein Rogante ist der grandiose Begleiter festlicher Anl\u00e4sse.  Genie\u00dfen Sie unsere Schaumweine am Strand, zuhause oder als Aperitif mit Freunden. Benutzen Sie daf\u00fcr den Eis Tasche Rogante und Sie werden Ihre Lieblings-Schaumweine immer kalt genie\u00dfen.  &nbsp;  Wie geht das?   F\u00fcllen Sie den Eisk\u00fcbel mit Eisw\u00fcrfeln  Stellen Sie die Flasche Ihres Lieblings-Schaumweins ins Eis  &nbsp;  Was erhalten Sie?   1 Flasche Schaumwein Rogante \u201cHolunderbl\u00fcten\u201d (0,75 l)  1 Eis Tasche Rogante","og_url":"https:\/\/www.rogante.net\/de\/produkt\/promo-eis-tasche-rogante-schaumwein-holunderblueten\/","og_site_name":"Rogante","article_modified_time":"2020-10-09T00:38:30+00:00","og_image":[{"width":1800,"height":1800,"url":"https:\/\/www.rogante.net\/wp-content\/uploads\/2019\/01\/rogante_ice-bag_fiori_di_sambuco_OK.jpg","type":"image\/jpeg"}],"twitter_card":"summary_large_image","twitter_misc":{"Gesch\u00e4tzte Lesezeit":"1\u00a0Minute"},"schema":{"@context":"https:\/\/schema.org","@graph":[{"@type":"WebPage","@id":"https:\/\/www.rogante.net\/de\/produkt\/promo-eis-tasche-rogante-schaumwein-holunderblueten\/","url":"https:\/\/www.rogante.net\/de\/produkt\/promo-eis-tasche-rogante-schaumwein-holunderblueten\/","name":"Promo Eis Tasche Rogante + Schaumwein \u201cHolunderbl\u00fcten\" - Rogante","isPartOf":{"@id":"http:\/\/www.rogante.net\/de\/#website"},"primaryImageOfPage":{"@id":"https:\/\/www.rogante.net\/de\/produkt\/promo-eis-tasche-rogante-schaumwein-holunderblueten\/#primaryimage"},"image":{"@id":"https:\/\/www.rogante.net\/de\/produkt\/promo-eis-tasche-rogante-schaumwein-holunderblueten\/#primaryimage"},"thumbnailUrl":"https:\/\/www.rogante.net\/wp-content\/uploads\/2019\/01\/rogante_ice-bag_fiori_di_sambuco_OK.jpg","datePublished":"2019-01-15T10:17:39+00:00","dateModified":"2020-10-09T00:38:30+00:00","breadcrumb":{"@id":"https:\/\/www.rogante.net\/de\/produkt\/promo-eis-tasche-rogante-schaumwein-holunderblueten\/#breadcrumb"},"inLanguage":"de","potentialAction":[{"@type":"ReadAction","target":["https:\/\/www.rogante.net\/de\/produkt\/promo-eis-tasche-rogante-schaumwein-holunderblueten\/"]}]},{"@type":"ImageObject","inLanguage":"de","@id":"https:\/\/www.rogante.net\/de\/produkt\/promo-eis-tasche-rogante-schaumwein-holunderblueten\/#primaryimage","url":"https:\/\/www.rogante.net\/wp-content\/uploads\/2019\/01\/rogante_ice-bag_fiori_di_sambuco_OK.jpg","contentUrl":"https:\/\/www.rogante.net\/wp-content\/uploads\/2019\/01\/rogante_ice-bag_fiori_di_sambuco_OK.jpg","width":1800,"height":1800},{"@type":"BreadcrumbList","@id":"https:\/\/www.rogante.net\/de\/produkt\/promo-eis-tasche-rogante-schaumwein-holunderblueten\/#breadcrumb","itemListElement":[{"@type":"ListItem","position":1,"name":"Home","item":"http:\/\/www.rogante.net\/de\/"},{"@type":"ListItem","position":2,"name":"Shop","item":"https:\/\/www.rogante.net\/de\/shop\/"},{"@type":"ListItem","position":3,"name":"Promo Eis Tasche Rogante + Schaumwein \u201cHolunderbl\u00fcten&#8220;"}]},{"@type":"WebSite","@id":"http:\/\/www.rogante.net\/de\/#website","url":"http:\/\/www.rogante.net\/de\/","name":"Rogante","description":"Premium Sparkling Fruits","potentialAction":[{"@type":"SearchAction","target":{"@type":"EntryPoint","urlTemplate":"http:\/\/www.rogante.net\/de\/?s={search_term_string}"},"query-input":{"@type":"PropertyValueSpecification","valueRequired":true,"valueName":"search_term_string"}}],"inLanguage":"de"}]}},"_links":{"self":[{"href":"https:\/\/www.rogante.net\/de\/wp-json\/wp\/v2\/product\/2315","targetHints":{"allow":["GET"]}}],"collection":[{"href":"https:\/\/www.rogante.net\/de\/wp-json\/wp\/v2\/product"}],"about":[{"href":"https:\/\/www.rogante.net\/de\/wp-json\/wp\/v2\/types\/product"}],"replies":[{"embeddable":true,"href":"https:\/\/www.rogante.net\/de\/wp-json\/wp\/v2\/comments?post=2315"}],"wp:featuredmedia":[{"embeddable":true,"href":"https:\/\/www.rogante.net\/de\/wp-json\/wp\/v2\/media\/50840"}],"wp:attachment":[{"href":"https:\/\/www.rogante.net\/de\/wp-json\/wp\/v2\/media?parent=2315"}],"wp:term":[{"taxonomy":"product_cat","embeddable":true,"href":"https:\/\/www.rogante.net\/de\/wp-json\/wp\/v2\/product_cat?post=2315"},{"taxonomy":"product_tag","embeddable":true,"href":"https:\/\/www.rogante.net\/de\/wp-json\/wp\/v2\/product_tag?post=2315"}],"curies":[{"name":"wp","href":"https:\/\/api.w.org\/{rel}","templated":true}]}}