{"id":2300,"date":"2017-12-31T18:15:46","date_gmt":"2017-12-31T17:15:46","guid":{"rendered":"http:\/\/www.rogante.net\/prodotto\/promo-sixth-continent-eiskuebel-rogante-schaumwein-exotic-passion-gratis-versand-beim-zahlen-mit-karte-sixth-continent-33-e-und-50-e\/"},"modified":"2022-08-30T19:53:23","modified_gmt":"2022-08-30T17:53:23","slug":"eiskuebel-rogante-schaumwein-exotic-passion","status":"publish","type":"product","link":"https:\/\/www.rogante.net\/de\/produkt\/eiskuebel-rogante-schaumwein-exotic-passion\/","title":{"rendered":"Eisk\u00fcbel Rogante + Schaumwein \u201cExotic Passion\u201d"},"content":{"rendered":"<p><strong>Warum die Schaumweine Rogante so besonders sind\u2026<\/strong><\/p>\n<ul>\n<li><strong>Neue Idee<\/strong>: Eine spannende Kombination aus Wein und 100% biologischen und konzentrierten Fruchts\u00e4ften.<\/li>\n<li><strong>Ein revolution\u00e4rer Geschmack<\/strong>: Die Schaumweine Rogante sind grandiose Begleiter festlicher Anl\u00e4sse und ein hervorragender und frischer Aperitif.<\/li>\n<li><strong>Garantierter Erfolg<\/strong>: Die Schaumweine Rogante haben die hohen Erwartungen unserer<\/li>\n<\/ul>\n<p>&nbsp;<\/p>\n<p><strong>Professioneller Versand:<\/strong><\/p>\n<ul>\n<li>Lieferung in 24\/48 Stunden<\/li>\n<li>Lieferservice mit Best\u00e4tigung per E-Mail oder per SMS<\/li>\n<\/ul>\n<p>&nbsp;<\/p>\n<p>&nbsp;<\/p>\n<p>Im Schaumwein \u201eExotic Passion\u201c dominieren fruchtige Aromen von Passionsfrucht, Ananas, Nektarine und Pfirsich. Im Glas begeistert er durch ein intensives, kristallklares Goldgelb.<\/p>\n<p><strong>Eine Besonderheit des Schaumweins \u201eExotic Passion\u201c<\/strong> besteht darin, dass er mit einem 100 % biologischen und konzentrierten Fruchtsaft der Passionsfr\u00fcchte angereichert wird. Dies verleiht dem Schaumwein \u201eExotic Passion\u201c seine besondere goldgelbe Farbe und ein einzigartiges Aroma. Eine weitere Besonderheit des Schaumweins \u201eExotic Passion\u201c liegt in seiner Herstellung. F\u00fcr die Herstellung dieses Schaumweins wurde die innovative Methode-Charmat ausgew\u00e4hlt. Bei dieser Methode erfolgt die zweite G\u00e4rung nicht in der Flasche, sondern in einem Drucktank. Dank dieser sorgf\u00e4ltigen Methode bleit der vorhandene Alkoholgehalt des\u00a0Schaumweins unver\u00e4ndert. Somit kann die entsprechend hohe Qualit\u00e4t des Schaumweins \u201eExotic Passion\u201c bewahrt und aufrechterhalten werden.<\/p>\n<p><strong>Farbe und Perlage<br \/>\n<\/strong>Der Schaumwein \u201eExotic Passion\u201c pr\u00e4sentiert sich als ein sehr einladender Perlwein von goldgelber Farbe mit einer spritzigen Perlage.<\/p>\n<p><strong>Aroma<br \/>\n<\/strong>Der Schaumwein \u201eExotic Passion\u201c hat ein weiches und fruchtiges Aroma mit Ankl\u00e4ngen von Passionsfrucht und Ananas. Er pr\u00e4sentiert sich mit einem feinen Duft nach Honigmelone und Ananas. Am Gaumen dominieren s\u00fc\u00dfe Noten von Aprikosen und frischen Fr\u00fcchten.<\/p>\n<p><strong>Geschmack<br \/>\n<\/strong>Im Geschmack ist dieser Wein ausgesprochen harmonisch und weich, mit einer fruchtigen S\u00fc\u00dfe. Der Schaumwein \u201eExotic Passion\u201c pr\u00e4sentiert sich frisch, vollmundig und lieblich.<\/p>\n<p><strong>Tipps f\u00fcr die Kombination von Essen &amp; Wein<br \/>\n<\/strong>Der Schaumwein \u201eExotic Passion\u201c ist ein perfekter Begleiter f\u00fcr\u00a0leichte Antipasti und s\u00fc\u00dfe Desserts (wie z.B. Obstsalate und Fr\u00fcchte-Eisbecher)<\/p>\n<p class=\"p1\" style=\"text-align: justify; text-transform: uppercase; padding-top: 10px;\"><span style=\"color: #000000;\"><a style=\"padding: 5px; color: #000000; background-color: #eccd4c;\" href=\"\/pdf\/Rogante_ExoticPassion_ITA.pdf\" target=\"_blank\" rel=\"noopener noreferrer\">Download der Brosch\u00fcre<\/a><\/span><\/p>\n<p class=\"p1\" style=\"text-align: justify; text-transform: uppercase; padding-top: 10px;\">\n","protected":false},"excerpt":{"rendered":"<h2 class=\"p2\">Lassen Sie Sich Verw\u00f6hnen<\/h2>\n<p>Der Schaumwein Rogante ist der grandiose Begleiter festlicher Anl\u00e4sse.<\/p>\n<p>Genie\u00dfen Sie unsere Schaumweine am Strand, zuhause oder als Aperitif mit Freunden. Benutzen Sie daf\u00fcr den Eisk\u00fcbel Rogante und Sie werden Ihre Lieblings-Schaumweine immer kalt genie\u00dfen.<\/p>\n<p>&nbsp;<\/p>\n<p><strong>Wie geht<\/strong><strong> das<\/strong><strong>?<\/strong><\/p>\n<ul>\n<li>F\u00fcllen Sie den Eisk\u00fcbel mit Eisw\u00fcrfeln<\/li>\n<li>Stellen Sie die Flasche Ihres Lieblings-Schaumweins ins Eis<\/li>\n<li>Genie\u00dfen Sie den Moment<\/li>\n<\/ul>\n<p>&nbsp;<\/p>\n<p><strong>Was erhalten Sie<\/strong>?<\/p>\n<ul>\n<li>1 Flasche Schaumwein Rogante \u201cExotic Passion\u201d (0,75 l)<\/li>\n<li>1 Eisk\u00fcbel Rogante<\/li>\n<\/ul>\n","protected":false},"featured_media":50196,"comment_status":"open","ping_status":"closed","template":"","meta":[],"product_cat":[],"product_tag":[],"class_list":{"0":"post-2300","1":"product","2":"type-product","3":"status-publish","4":"has-post-thumbnail","6":"pa_gusto-spumante-exotische-fruechte","8":"first","9":"instock","10":"taxable","11":"shipping-taxable","12":"purchasable","13":"product-type-simple"},"bundle_layout":"","bundled_by":[],"bundled_items":[],"yoast_head":"<!-- This site is optimized with the Yoast SEO plugin v26.2 - https:\/\/yoast.com\/wordpress\/plugins\/seo\/ -->\n<title>Eisk\u00fcbel Rogante + Schaumwein \u201cExotic Passion\u201d - Rogante<\/title>\n<meta name=\"robots\" content=\"index, follow, max-snippet:-1, max-image-preview:large, max-video-preview:-1\" \/>\n<link rel=\"canonical\" href=\"https:\/\/www.rogante.net\/de\/produkt\/eiskuebel-rogante-schaumwein-exotic-passion\/\" \/>\n<meta property=\"og:locale\" content=\"de_DE\" \/>\n<meta property=\"og:type\" content=\"article\" \/>\n<meta property=\"og:title\" content=\"Eisk\u00fcbel Rogante + Schaumwein \u201cExotic Passion\u201d - Rogante\" \/>\n<meta property=\"og:description\" content=\"Lassen Sie Sich Verw\u00f6hnen Der Schaumwein Rogante ist der grandiose Begleiter festlicher Anl\u00e4sse.  Genie\u00dfen Sie unsere Schaumweine am Strand, zuhause oder als Aperitif mit Freunden. Benutzen Sie daf\u00fcr den Eisk\u00fcbel Rogante und Sie werden Ihre Lieblings-Schaumweine immer kalt genie\u00dfen.  &nbsp;  Wie geht das?   F\u00fcllen Sie den Eisk\u00fcbel mit Eisw\u00fcrfeln  Stellen Sie die Flasche Ihres Lieblings-Schaumweins ins Eis  Genie\u00dfen Sie den Moment  &nbsp;  Was erhalten Sie?   1 Flasche Schaumwein Rogante \u201cExotic Passion\u201d (0,75 l)  1 Eisk\u00fcbel Rogante\" \/>\n<meta property=\"og:url\" content=\"https:\/\/www.rogante.net\/de\/produkt\/eiskuebel-rogante-schaumwein-exotic-passion\/\" \/>\n<meta property=\"og:site_name\" content=\"Rogante\" \/>\n<meta property=\"article:modified_time\" content=\"2022-08-30T17:53:23+00:00\" \/>\n<meta property=\"og:image\" content=\"https:\/\/www.rogante.net\/wp-content\/uploads\/2017\/12\/rogante_ice-bucket_exotic-passion_2021.jpg\" \/>\n\t<meta property=\"og:image:width\" content=\"1200\" \/>\n\t<meta property=\"og:image:height\" content=\"1800\" \/>\n\t<meta property=\"og:image:type\" content=\"image\/jpeg\" \/>\n<meta name=\"twitter:card\" content=\"summary_large_image\" \/>\n<meta name=\"twitter:label1\" content=\"Gesch\u00e4tzte Lesezeit\" \/>\n\t<meta name=\"twitter:data1\" content=\"2\u00a0Minuten\" \/>\n<script type=\"application\/ld+json\" class=\"yoast-schema-graph\">{\"@context\":\"https:\/\/schema.org\",\"@graph\":[{\"@type\":\"WebPage\",\"@id\":\"https:\/\/www.rogante.net\/de\/produkt\/eiskuebel-rogante-schaumwein-exotic-passion\/\",\"url\":\"https:\/\/www.rogante.net\/de\/produkt\/eiskuebel-rogante-schaumwein-exotic-passion\/\",\"name\":\"Eisk\u00fcbel Rogante + Schaumwein \u201cExotic Passion\u201d - Rogante\",\"isPartOf\":{\"@id\":\"https:\/\/www.rogante.net\/de\/#website\"},\"primaryImageOfPage\":{\"@id\":\"https:\/\/www.rogante.net\/de\/produkt\/eiskuebel-rogante-schaumwein-exotic-passion\/#primaryimage\"},\"image\":{\"@id\":\"https:\/\/www.rogante.net\/de\/produkt\/eiskuebel-rogante-schaumwein-exotic-passion\/#primaryimage\"},\"thumbnailUrl\":\"https:\/\/www.rogante.net\/wp-content\/uploads\/2017\/12\/rogante_ice-bucket_exotic-passion_2021.jpg\",\"datePublished\":\"2017-12-31T17:15:46+00:00\",\"dateModified\":\"2022-08-30T17:53:23+00:00\",\"breadcrumb\":{\"@id\":\"https:\/\/www.rogante.net\/de\/produkt\/eiskuebel-rogante-schaumwein-exotic-passion\/#breadcrumb\"},\"inLanguage\":\"de\",\"potentialAction\":[{\"@type\":\"ReadAction\",\"target\":[\"https:\/\/www.rogante.net\/de\/produkt\/eiskuebel-rogante-schaumwein-exotic-passion\/\"]}]},{\"@type\":\"ImageObject\",\"inLanguage\":\"de\",\"@id\":\"https:\/\/www.rogante.net\/de\/produkt\/eiskuebel-rogante-schaumwein-exotic-passion\/#primaryimage\",\"url\":\"https:\/\/www.rogante.net\/wp-content\/uploads\/2017\/12\/rogante_ice-bucket_exotic-passion_2021.jpg\",\"contentUrl\":\"https:\/\/www.rogante.net\/wp-content\/uploads\/2017\/12\/rogante_ice-bucket_exotic-passion_2021.jpg\",\"width\":1200,\"height\":1800},{\"@type\":\"BreadcrumbList\",\"@id\":\"https:\/\/www.rogante.net\/de\/produkt\/eiskuebel-rogante-schaumwein-exotic-passion\/#breadcrumb\",\"itemListElement\":[{\"@type\":\"ListItem\",\"position\":1,\"name\":\"Home\",\"item\":\"https:\/\/www.rogante.net\/de\/\"},{\"@type\":\"ListItem\",\"position\":2,\"name\":\"Shop\",\"item\":\"https:\/\/www.rogante.net\/de\/shop\/\"},{\"@type\":\"ListItem\",\"position\":3,\"name\":\"Eisk\u00fcbel Rogante + Schaumwein \u201cExotic Passion\u201d\"}]},{\"@type\":\"WebSite\",\"@id\":\"https:\/\/www.rogante.net\/de\/#website\",\"url\":\"https:\/\/www.rogante.net\/de\/\",\"name\":\"Rogante\",\"description\":\"Premium Sparkling Fruits\",\"potentialAction\":[{\"@type\":\"SearchAction\",\"target\":{\"@type\":\"EntryPoint\",\"urlTemplate\":\"https:\/\/www.rogante.net\/de\/?s={search_term_string}\"},\"query-input\":{\"@type\":\"PropertyValueSpecification\",\"valueRequired\":true,\"valueName\":\"search_term_string\"}}],\"inLanguage\":\"de\"}]}<\/script>\n<!-- \/ Yoast SEO plugin. -->","yoast_head_json":{"title":"Eisk\u00fcbel Rogante + Schaumwein \u201cExotic Passion\u201d - Rogante","robots":{"index":"index","follow":"follow","max-snippet":"max-snippet:-1","max-image-preview":"max-image-preview:large","max-video-preview":"max-video-preview:-1"},"canonical":"https:\/\/www.rogante.net\/de\/produkt\/eiskuebel-rogante-schaumwein-exotic-passion\/","og_locale":"de_DE","og_type":"article","og_title":"Eisk\u00fcbel Rogante + Schaumwein \u201cExotic Passion\u201d - Rogante","og_description":"Lassen Sie Sich Verw\u00f6hnen Der Schaumwein Rogante ist der grandiose Begleiter festlicher Anl\u00e4sse.  Genie\u00dfen Sie unsere Schaumweine am Strand, zuhause oder als Aperitif mit Freunden. Benutzen Sie daf\u00fcr den Eisk\u00fcbel Rogante und Sie werden Ihre Lieblings-Schaumweine immer kalt genie\u00dfen.  &nbsp;  Wie geht das?   F\u00fcllen Sie den Eisk\u00fcbel mit Eisw\u00fcrfeln  Stellen Sie die Flasche Ihres Lieblings-Schaumweins ins Eis  Genie\u00dfen Sie den Moment  &nbsp;  Was erhalten Sie?   1 Flasche Schaumwein Rogante \u201cExotic Passion\u201d (0,75 l)  1 Eisk\u00fcbel Rogante","og_url":"https:\/\/www.rogante.net\/de\/produkt\/eiskuebel-rogante-schaumwein-exotic-passion\/","og_site_name":"Rogante","article_modified_time":"2022-08-30T17:53:23+00:00","og_image":[{"width":1200,"height":1800,"url":"https:\/\/www.rogante.net\/wp-content\/uploads\/2017\/12\/rogante_ice-bucket_exotic-passion_2021.jpg","type":"image\/jpeg"}],"twitter_card":"summary_large_image","twitter_misc":{"Gesch\u00e4tzte Lesezeit":"2\u00a0Minuten"},"schema":{"@context":"https:\/\/schema.org","@graph":[{"@type":"WebPage","@id":"https:\/\/www.rogante.net\/de\/produkt\/eiskuebel-rogante-schaumwein-exotic-passion\/","url":"https:\/\/www.rogante.net\/de\/produkt\/eiskuebel-rogante-schaumwein-exotic-passion\/","name":"Eisk\u00fcbel Rogante + Schaumwein \u201cExotic Passion\u201d - Rogante","isPartOf":{"@id":"https:\/\/www.rogante.net\/de\/#website"},"primaryImageOfPage":{"@id":"https:\/\/www.rogante.net\/de\/produkt\/eiskuebel-rogante-schaumwein-exotic-passion\/#primaryimage"},"image":{"@id":"https:\/\/www.rogante.net\/de\/produkt\/eiskuebel-rogante-schaumwein-exotic-passion\/#primaryimage"},"thumbnailUrl":"https:\/\/www.rogante.net\/wp-content\/uploads\/2017\/12\/rogante_ice-bucket_exotic-passion_2021.jpg","datePublished":"2017-12-31T17:15:46+00:00","dateModified":"2022-08-30T17:53:23+00:00","breadcrumb":{"@id":"https:\/\/www.rogante.net\/de\/produkt\/eiskuebel-rogante-schaumwein-exotic-passion\/#breadcrumb"},"inLanguage":"de","potentialAction":[{"@type":"ReadAction","target":["https:\/\/www.rogante.net\/de\/produkt\/eiskuebel-rogante-schaumwein-exotic-passion\/"]}]},{"@type":"ImageObject","inLanguage":"de","@id":"https:\/\/www.rogante.net\/de\/produkt\/eiskuebel-rogante-schaumwein-exotic-passion\/#primaryimage","url":"https:\/\/www.rogante.net\/wp-content\/uploads\/2017\/12\/rogante_ice-bucket_exotic-passion_2021.jpg","contentUrl":"https:\/\/www.rogante.net\/wp-content\/uploads\/2017\/12\/rogante_ice-bucket_exotic-passion_2021.jpg","width":1200,"height":1800},{"@type":"BreadcrumbList","@id":"https:\/\/www.rogante.net\/de\/produkt\/eiskuebel-rogante-schaumwein-exotic-passion\/#breadcrumb","itemListElement":[{"@type":"ListItem","position":1,"name":"Home","item":"https:\/\/www.rogante.net\/de\/"},{"@type":"ListItem","position":2,"name":"Shop","item":"https:\/\/www.rogante.net\/de\/shop\/"},{"@type":"ListItem","position":3,"name":"Eisk\u00fcbel Rogante + Schaumwein \u201cExotic Passion\u201d"}]},{"@type":"WebSite","@id":"https:\/\/www.rogante.net\/de\/#website","url":"https:\/\/www.rogante.net\/de\/","name":"Rogante","description":"Premium Sparkling Fruits","potentialAction":[{"@type":"SearchAction","target":{"@type":"EntryPoint","urlTemplate":"https:\/\/www.rogante.net\/de\/?s={search_term_string}"},"query-input":{"@type":"PropertyValueSpecification","valueRequired":true,"valueName":"search_term_string"}}],"inLanguage":"de"}]}},"_links":{"self":[{"href":"https:\/\/www.rogante.net\/de\/wp-json\/wp\/v2\/product\/2300","targetHints":{"allow":["GET"]}}],"collection":[{"href":"https:\/\/www.rogante.net\/de\/wp-json\/wp\/v2\/product"}],"about":[{"href":"https:\/\/www.rogante.net\/de\/wp-json\/wp\/v2\/types\/product"}],"replies":[{"embeddable":true,"href":"https:\/\/www.rogante.net\/de\/wp-json\/wp\/v2\/comments?post=2300"}],"wp:featuredmedia":[{"embeddable":true,"href":"https:\/\/www.rogante.net\/de\/wp-json\/wp\/v2\/media\/50196"}],"wp:attachment":[{"href":"https:\/\/www.rogante.net\/de\/wp-json\/wp\/v2\/media?parent=2300"}],"wp:term":[{"taxonomy":"product_cat","embeddable":true,"href":"https:\/\/www.rogante.net\/de\/wp-json\/wp\/v2\/product_cat?post=2300"},{"taxonomy":"product_tag","embeddable":true,"href":"https:\/\/www.rogante.net\/de\/wp-json\/wp\/v2\/product_tag?post=2300"}],"curies":[{"name":"wp","href":"https:\/\/api.w.org\/{rel}","templated":true}]}}