{"id":2295,"date":"2018-01-20T11:19:00","date_gmt":"2018-01-20T10:19:00","guid":{"rendered":"http:\/\/www.rogante.net\/prodotto\/promo-eiskuebel-rogante-schaumwein-melograno\/"},"modified":"2020-10-09T02:45:49","modified_gmt":"2020-10-09T00:45:49","slug":"promo-eis-tasche-rogante-schaumwein-melograno","status":"publish","type":"product","link":"https:\/\/www.rogante.net\/de\/produkt\/promo-eis-tasche-rogante-schaumwein-melograno\/","title":{"rendered":"Promo Eis Tasche Rogante + Schaumwein \u201cMelograno&#8220;"},"content":{"rendered":"<p><strong>Warum die Schaumweine Rogante so besonders sind\u2026<\/strong><\/p>\n<ul>\n<li><strong>Neue Idee<\/strong>: Eine spannende Kombination aus Wein und 100% biologischen und konzentrierten Fruchts\u00e4ften.<\/li>\n<li><strong>Ein revolution\u00e4rer Geschmack<\/strong>: Die Schaumweine Rogante sind grandiose Begleiter festlicher Anl\u00e4sse und ein hervorragender und frischer Aperitif.<\/li>\n<li><strong>Garantierter Erfolg<\/strong>: Die Schaumweine Rogante haben die hohen Erwartungen unserer<\/li>\n<\/ul>\n<p>&nbsp;<\/p>\n<p><strong>Professioneller Versand:<\/strong><\/p>\n<ul>\n<li>Lieferung in 24\/48 Stunden<\/li>\n<li>Lieferservice mit Best\u00e4tigung per E-Mail oder per SMS<\/li>\n<\/ul>\n<p>&nbsp;<\/p>\n<p>&nbsp;<\/p>\n<p>Im Schaumwein \u201eMelograno\u201c dominieren die frischen Aromen von Granatapfel und roten Beeren. Im Glas begeistert er durch ein sehr intensives Rubinrot.<\/p>\n<p><strong>Eine Besonderheit des Schaumweins \u201eMelograno\u201c<\/strong> besteht darin, dass er mit einem 100 % biologischen und konzentrierten Granatapfel-Fruchtsaft angereichert wird. Dies verleiht ihm die besondere granatrote Farbe und das einzigartige Aroma. Eine weitere Besonderheit des Schaumweins \u201eMelograno\u201c liegt in seiner Herstellung. F\u00fcr die\u00a0Herstellung dieses Schaumweins wurde die innovative Methode-Charmat ausgew\u00e4hlt. Bei dieser Methode erfolgt die zweite G\u00e4rung nicht in der Flasche, sondern in einem Drucktank. Dank dieser sorgf\u00e4ltigen Methode bleit der vorhandene Alkoholgehalt des Schaumweins unver\u00e4ndert. Somit kann die entsprechend hohe Qualit\u00e4t des Schaumweins \u201eMelograno\u201c bewahrt und aufrechterhalten werden.<\/p>\n<p><strong>Farbe und Perlage<br \/>\n<\/strong>Der Schaumwein \u201eMelograno\u201c pr\u00e4sentiert sich als ein sehr einladender Perlwein von granatroter Farbe mit einer feinen und lang anhaltenden Perlage.<\/p>\n<p><strong>Aroma<br \/>\n<\/strong>Der Schaumwein \u201eMelograno\u201c hat ein knackiges und fruchtiges Aroma mit Ankl\u00e4ngen von Granatapfel. Den Schaumwein \u201eMelograno\u201c umschwelgt ein feiner Duft nach Granatapfel und roten Beeren.<\/p>\n<p><strong>Geschmack<br \/>\n<\/strong>Der Rogante Schaumwein \u201eMelograno\u201c pr\u00e4sentiert sich ausgewogen, vollmundig und\u00a0erfrischend. Im Geschmack zeigt er beeindruckende F\u00fclle, Komplexit\u00e4t und dominante Aromen von Granatpafel.<\/p>\n<p><strong>Consigli e abbinamenti<br \/>\n<\/strong>Da solo o come aperitivo o abbinato a piatti freddi, semifreddi, coppe di frutta e gelato.<\/p>\n<p class=\"p1\" style=\"text-align: justify; text-transform: uppercase; padding-top: 10px;\"><span style=\"color: #ffffff;\"><a style=\"padding: 5px; color: #ffffff; background-color: #98212c;\" href=\"\/pdf\/Rogante_Melograno_ITA.pdf\" target=\"_blank\" rel=\"noopener noreferrer\">Download der Brosch\u00fcre<\/a><\/span><\/p>\n<p class=\"p1\" style=\"text-align: justify; text-transform: uppercase; padding-top: 10px;\">\n","protected":false},"excerpt":{"rendered":"<h2 class=\"p2\">LASSEN SIE SICH VERW\u00d6HNEN<\/h2>\n<p>Der Schaumwein Rogante ist der grandiose Begleiter festlicher Anl\u00e4sse.<\/p>\n<p>Genie\u00dfen Sie unsere Schaumweine am Strand, zuhause oder als Aperitif mit Freunden. Benutzen Sie daf\u00fcr den Eis Tasche Rogante und Sie werden Ihre Lieblings-Schaumweine immer kalt genie\u00dfen.<\/p>\n<p>&nbsp;<\/p>\n<p><strong>Wie geht<\/strong><strong> das<\/strong><strong>?<\/strong><\/p>\n<ul>\n<li>F\u00fcllen Sie den Eis Tasche mit Eisw\u00fcrfeln<\/li>\n<li>Stellen Sie die Flasche Ihres Lieblings-Schaumweins ins Eis<\/li>\n<\/ul>\n<p>&nbsp;<\/p>\n<p><strong>Was erhalten Sie<\/strong>?<\/p>\n<ul>\n<li>1 Flasche Schaumwein Rogante \u201cMelograno\u201d (0,75 l)<\/li>\n<li>1 Eis Tasche Rogante<\/li>\n<\/ul>\n","protected":false},"featured_media":50846,"comment_status":"open","ping_status":"closed","template":"","meta":[],"product_cat":[],"product_tag":[],"class_list":{"0":"post-2295","1":"product","2":"type-product","3":"status-publish","4":"has-post-thumbnail","6":"pa_gusto-spumante-granatapfel","8":"first","9":"instock","10":"taxable","11":"shipping-taxable","12":"purchasable","13":"product-type-simple"},"bundle_layout":"","bundled_by":[],"bundled_items":[],"yoast_head":"<!-- This site is optimized with the Yoast SEO plugin v26.2 - https:\/\/yoast.com\/wordpress\/plugins\/seo\/ -->\n<title>Promo Eis Tasche Rogante + Schaumwein \u201cMelograno&quot; - Rogante<\/title>\n<meta name=\"robots\" content=\"index, follow, max-snippet:-1, max-image-preview:large, max-video-preview:-1\" \/>\n<link rel=\"canonical\" href=\"https:\/\/www.rogante.net\/de\/produkt\/promo-eis-tasche-rogante-schaumwein-melograno\/\" \/>\n<meta property=\"og:locale\" content=\"de_DE\" \/>\n<meta property=\"og:type\" content=\"article\" \/>\n<meta property=\"og:title\" content=\"Promo Eis Tasche Rogante + Schaumwein \u201cMelograno&quot; - Rogante\" \/>\n<meta property=\"og:description\" content=\"LASSEN SIE SICH VERW\u00d6HNEN Der Schaumwein Rogante ist der grandiose Begleiter festlicher Anl\u00e4sse.  Genie\u00dfen Sie unsere Schaumweine am Strand, zuhause oder als Aperitif mit Freunden. Benutzen Sie daf\u00fcr den Eis Tasche Rogante und Sie werden Ihre Lieblings-Schaumweine immer kalt genie\u00dfen.  &nbsp;  Wie geht das?   F\u00fcllen Sie den Eis Tasche mit Eisw\u00fcrfeln  Stellen Sie die Flasche Ihres Lieblings-Schaumweins ins Eis  &nbsp;  Was erhalten Sie?   1 Flasche Schaumwein Rogante \u201cMelograno\u201d (0,75 l)  1 Eis Tasche Rogante\" \/>\n<meta property=\"og:url\" content=\"https:\/\/www.rogante.net\/de\/produkt\/promo-eis-tasche-rogante-schaumwein-melograno\/\" \/>\n<meta property=\"og:site_name\" content=\"Rogante\" \/>\n<meta property=\"article:modified_time\" content=\"2020-10-09T00:45:49+00:00\" \/>\n<meta property=\"og:image\" content=\"https:\/\/www.rogante.net\/wp-content\/uploads\/2019\/01\/rogante_ice-bag_melograno_OK.jpg\" \/>\n\t<meta property=\"og:image:width\" content=\"1800\" \/>\n\t<meta property=\"og:image:height\" content=\"1800\" \/>\n\t<meta property=\"og:image:type\" content=\"image\/jpeg\" \/>\n<meta name=\"twitter:card\" content=\"summary_large_image\" \/>\n<meta name=\"twitter:label1\" content=\"Gesch\u00e4tzte Lesezeit\" \/>\n\t<meta name=\"twitter:data1\" content=\"1\u00a0Minute\" \/>\n<script type=\"application\/ld+json\" class=\"yoast-schema-graph\">{\"@context\":\"https:\/\/schema.org\",\"@graph\":[{\"@type\":\"WebPage\",\"@id\":\"https:\/\/www.rogante.net\/de\/produkt\/promo-eis-tasche-rogante-schaumwein-melograno\/\",\"url\":\"https:\/\/www.rogante.net\/de\/produkt\/promo-eis-tasche-rogante-schaumwein-melograno\/\",\"name\":\"Promo Eis Tasche Rogante + Schaumwein \u201cMelograno\\\" - Rogante\",\"isPartOf\":{\"@id\":\"https:\/\/www.rogante.net\/de\/#website\"},\"primaryImageOfPage\":{\"@id\":\"https:\/\/www.rogante.net\/de\/produkt\/promo-eis-tasche-rogante-schaumwein-melograno\/#primaryimage\"},\"image\":{\"@id\":\"https:\/\/www.rogante.net\/de\/produkt\/promo-eis-tasche-rogante-schaumwein-melograno\/#primaryimage\"},\"thumbnailUrl\":\"https:\/\/www.rogante.net\/wp-content\/uploads\/2019\/01\/rogante_ice-bag_melograno_OK.jpg\",\"datePublished\":\"2018-01-20T10:19:00+00:00\",\"dateModified\":\"2020-10-09T00:45:49+00:00\",\"breadcrumb\":{\"@id\":\"https:\/\/www.rogante.net\/de\/produkt\/promo-eis-tasche-rogante-schaumwein-melograno\/#breadcrumb\"},\"inLanguage\":\"de\",\"potentialAction\":[{\"@type\":\"ReadAction\",\"target\":[\"https:\/\/www.rogante.net\/de\/produkt\/promo-eis-tasche-rogante-schaumwein-melograno\/\"]}]},{\"@type\":\"ImageObject\",\"inLanguage\":\"de\",\"@id\":\"https:\/\/www.rogante.net\/de\/produkt\/promo-eis-tasche-rogante-schaumwein-melograno\/#primaryimage\",\"url\":\"https:\/\/www.rogante.net\/wp-content\/uploads\/2019\/01\/rogante_ice-bag_melograno_OK.jpg\",\"contentUrl\":\"https:\/\/www.rogante.net\/wp-content\/uploads\/2019\/01\/rogante_ice-bag_melograno_OK.jpg\",\"width\":1800,\"height\":1800},{\"@type\":\"BreadcrumbList\",\"@id\":\"https:\/\/www.rogante.net\/de\/produkt\/promo-eis-tasche-rogante-schaumwein-melograno\/#breadcrumb\",\"itemListElement\":[{\"@type\":\"ListItem\",\"position\":1,\"name\":\"Home\",\"item\":\"https:\/\/www.rogante.net\/de\/\"},{\"@type\":\"ListItem\",\"position\":2,\"name\":\"Shop\",\"item\":\"https:\/\/www.rogante.net\/de\/shop\/\"},{\"@type\":\"ListItem\",\"position\":3,\"name\":\"Promo Eis Tasche Rogante + Schaumwein \u201cMelograno&#8220;\"}]},{\"@type\":\"WebSite\",\"@id\":\"https:\/\/www.rogante.net\/de\/#website\",\"url\":\"https:\/\/www.rogante.net\/de\/\",\"name\":\"Rogante\",\"description\":\"Premium Sparkling Fruits\",\"potentialAction\":[{\"@type\":\"SearchAction\",\"target\":{\"@type\":\"EntryPoint\",\"urlTemplate\":\"https:\/\/www.rogante.net\/de\/?s={search_term_string}\"},\"query-input\":{\"@type\":\"PropertyValueSpecification\",\"valueRequired\":true,\"valueName\":\"search_term_string\"}}],\"inLanguage\":\"de\"}]}<\/script>\n<!-- \/ Yoast SEO plugin. -->","yoast_head_json":{"title":"Promo Eis Tasche Rogante + Schaumwein \u201cMelograno\" - Rogante","robots":{"index":"index","follow":"follow","max-snippet":"max-snippet:-1","max-image-preview":"max-image-preview:large","max-video-preview":"max-video-preview:-1"},"canonical":"https:\/\/www.rogante.net\/de\/produkt\/promo-eis-tasche-rogante-schaumwein-melograno\/","og_locale":"de_DE","og_type":"article","og_title":"Promo Eis Tasche Rogante + Schaumwein \u201cMelograno\" - Rogante","og_description":"LASSEN SIE SICH VERW\u00d6HNEN Der Schaumwein Rogante ist der grandiose Begleiter festlicher Anl\u00e4sse.  Genie\u00dfen Sie unsere Schaumweine am Strand, zuhause oder als Aperitif mit Freunden. Benutzen Sie daf\u00fcr den Eis Tasche Rogante und Sie werden Ihre Lieblings-Schaumweine immer kalt genie\u00dfen.  &nbsp;  Wie geht das?   F\u00fcllen Sie den Eis Tasche mit Eisw\u00fcrfeln  Stellen Sie die Flasche Ihres Lieblings-Schaumweins ins Eis  &nbsp;  Was erhalten Sie?   1 Flasche Schaumwein Rogante \u201cMelograno\u201d (0,75 l)  1 Eis Tasche Rogante","og_url":"https:\/\/www.rogante.net\/de\/produkt\/promo-eis-tasche-rogante-schaumwein-melograno\/","og_site_name":"Rogante","article_modified_time":"2020-10-09T00:45:49+00:00","og_image":[{"width":1800,"height":1800,"url":"https:\/\/www.rogante.net\/wp-content\/uploads\/2019\/01\/rogante_ice-bag_melograno_OK.jpg","type":"image\/jpeg"}],"twitter_card":"summary_large_image","twitter_misc":{"Gesch\u00e4tzte Lesezeit":"1\u00a0Minute"},"schema":{"@context":"https:\/\/schema.org","@graph":[{"@type":"WebPage","@id":"https:\/\/www.rogante.net\/de\/produkt\/promo-eis-tasche-rogante-schaumwein-melograno\/","url":"https:\/\/www.rogante.net\/de\/produkt\/promo-eis-tasche-rogante-schaumwein-melograno\/","name":"Promo Eis Tasche Rogante + Schaumwein \u201cMelograno\" - Rogante","isPartOf":{"@id":"https:\/\/www.rogante.net\/de\/#website"},"primaryImageOfPage":{"@id":"https:\/\/www.rogante.net\/de\/produkt\/promo-eis-tasche-rogante-schaumwein-melograno\/#primaryimage"},"image":{"@id":"https:\/\/www.rogante.net\/de\/produkt\/promo-eis-tasche-rogante-schaumwein-melograno\/#primaryimage"},"thumbnailUrl":"https:\/\/www.rogante.net\/wp-content\/uploads\/2019\/01\/rogante_ice-bag_melograno_OK.jpg","datePublished":"2018-01-20T10:19:00+00:00","dateModified":"2020-10-09T00:45:49+00:00","breadcrumb":{"@id":"https:\/\/www.rogante.net\/de\/produkt\/promo-eis-tasche-rogante-schaumwein-melograno\/#breadcrumb"},"inLanguage":"de","potentialAction":[{"@type":"ReadAction","target":["https:\/\/www.rogante.net\/de\/produkt\/promo-eis-tasche-rogante-schaumwein-melograno\/"]}]},{"@type":"ImageObject","inLanguage":"de","@id":"https:\/\/www.rogante.net\/de\/produkt\/promo-eis-tasche-rogante-schaumwein-melograno\/#primaryimage","url":"https:\/\/www.rogante.net\/wp-content\/uploads\/2019\/01\/rogante_ice-bag_melograno_OK.jpg","contentUrl":"https:\/\/www.rogante.net\/wp-content\/uploads\/2019\/01\/rogante_ice-bag_melograno_OK.jpg","width":1800,"height":1800},{"@type":"BreadcrumbList","@id":"https:\/\/www.rogante.net\/de\/produkt\/promo-eis-tasche-rogante-schaumwein-melograno\/#breadcrumb","itemListElement":[{"@type":"ListItem","position":1,"name":"Home","item":"https:\/\/www.rogante.net\/de\/"},{"@type":"ListItem","position":2,"name":"Shop","item":"https:\/\/www.rogante.net\/de\/shop\/"},{"@type":"ListItem","position":3,"name":"Promo Eis Tasche Rogante + Schaumwein \u201cMelograno&#8220;"}]},{"@type":"WebSite","@id":"https:\/\/www.rogante.net\/de\/#website","url":"https:\/\/www.rogante.net\/de\/","name":"Rogante","description":"Premium Sparkling Fruits","potentialAction":[{"@type":"SearchAction","target":{"@type":"EntryPoint","urlTemplate":"https:\/\/www.rogante.net\/de\/?s={search_term_string}"},"query-input":{"@type":"PropertyValueSpecification","valueRequired":true,"valueName":"search_term_string"}}],"inLanguage":"de"}]}},"_links":{"self":[{"href":"https:\/\/www.rogante.net\/de\/wp-json\/wp\/v2\/product\/2295","targetHints":{"allow":["GET"]}}],"collection":[{"href":"https:\/\/www.rogante.net\/de\/wp-json\/wp\/v2\/product"}],"about":[{"href":"https:\/\/www.rogante.net\/de\/wp-json\/wp\/v2\/types\/product"}],"replies":[{"embeddable":true,"href":"https:\/\/www.rogante.net\/de\/wp-json\/wp\/v2\/comments?post=2295"}],"wp:featuredmedia":[{"embeddable":true,"href":"https:\/\/www.rogante.net\/de\/wp-json\/wp\/v2\/media\/50846"}],"wp:attachment":[{"href":"https:\/\/www.rogante.net\/de\/wp-json\/wp\/v2\/media?parent=2295"}],"wp:term":[{"taxonomy":"product_cat","embeddable":true,"href":"https:\/\/www.rogante.net\/de\/wp-json\/wp\/v2\/product_cat?post=2295"},{"taxonomy":"product_tag","embeddable":true,"href":"https:\/\/www.rogante.net\/de\/wp-json\/wp\/v2\/product_tag?post=2295"}],"curies":[{"name":"wp","href":"https:\/\/api.w.org\/{rel}","templated":true}]}}