{"id":2285,"date":"2018-09-29T12:01:43","date_gmt":"2018-09-29T10:01:43","guid":{"rendered":"http:\/\/www.rogante.net\/prodotto\/rogante-greenfruits-2\/"},"modified":"2023-01-27T17:26:47","modified_gmt":"2023-01-27T16:26:47","slug":"rogante-greenfruits","status":"publish","type":"product","link":"https:\/\/www.rogante.net\/de\/produkt\/rogante-greenfruits\/","title":{"rendered":"Rogante GreenFruits"},"content":{"rendered":"<p>Im Schaumwein \u201eGreen Fruits\u201c dominieren fruchtige Aromen von gr\u00fcnen Zitrusfr\u00fcchten und Kiwi. Im Glas begeistert er durch ein intensives und kristallklares Gr\u00fcngelb.<\/p>\n<p><strong>Eine Besonderheit des Schaumweins \u201eGreen Fruits\u201c<\/strong> besteht darin, dass er mit einem 100 % biologischen und konzentrierten Kiwi-Fruchtsaft angereichert wird. Dies verleiht ihm seine besondere gr\u00fcnlichgelbe Farbe und ein einzigartiges Aroma. Eine weitere Besonderheit des Schaumweins \u201eGreen Fruits\u201c liegt in seiner Herstellung. F\u00fcr die Herstellung dieses Schaumweins wurde die innovative Methode-Charmat ausgew\u00e4hlt. Bei dieser Methode erfolgt die zweite G\u00e4rung nicht in der Flasche, sondern in einem Drucktank. Dank dieser sorgf\u00e4lltigen methode blendet der vorhandenen Alkoholgehalt des Schaumweins unver\u00e4ndert. So kann die entsprechende hohe Qualit\u00e4t des Schaumweins &#8222;Green Fruits&#8220; bewehrt und aufrecht gehalten werden.<\/p>\n<p><strong>Farbe und Perlage<br \/>\n<\/strong>Der Schaumwein \u201eGreen Fruits\u201c pr\u00e4sentiert sich als ein sehr einladender Perlwein von gr\u00fcnlichgelber Farbe mit einer spritzigen Perlage.<\/p>\n<p><strong>Aroma<br \/>\n<\/strong>Der Schaumwein \u201eGreen Fruits\u201c hat ein knackiges und fruchtiges Aroma mit Ankl\u00e4ngen von Kiwi. Er pr\u00e4sentiert sich mit einem ausgepr\u00e4gten Duft nach reifen Fr\u00fcchten. Am Gaumen dominieren s\u00fc\u00dfe Noten von Minze.<\/p>\n<p><strong>Geschmack<br \/>\n<\/strong>Im Geschmack ist dieser Wein ausgesprochen harmonisch und weich mit einer fruchtigen S\u00fc\u00dfe. Der Rogante Schaumwein \u201eGreen Fruits\u201c pr\u00e4sentiert sich frisch und vollmundig mit einem angenehmen Nachgeschmack von Minze und Zitrusfr\u00fcchten.<\/p>\n<p><strong>Tipps f\u00fcr die Kombination von Essen &amp; Wein<br \/>\n<\/strong>Der Schaumwein \u201eGreen Fruits\u201c ist ein perfekter Begleiter f\u00fcr leichte Antipasti und Obst- Salate.<\/p>\n<p class=\"p1\" style=\"text-align: justify; text-transform: uppercase; padding-top: 10px;\"><span style=\"color: #ffffff;\"><a style=\"padding: 5px; color: #ffffff; background-color: #89be55;\" href=\"\/pdf\/Rogante_GreenFruits_ITA.pdf\" target=\"_blank\" rel=\"noopener noreferrer\">Download der Brosch\u00fcre<\/a><\/span><\/p>\n<p class=\"p1\" style=\"text-align: justify; text-transform: uppercase; padding-top: 10px;\">\n","protected":false},"excerpt":{"rendered":"<h2 class=\"p2\">Ein gr\u00fcn-fruchtiges Aroma.<\/h2>\n<p><strong>Inhalt:<\/strong> 1 Flasche Schaumwein Rogante \u201cGreenFruits\u201d (0,75 l) .<\/p>\n","protected":false},"featured_media":2806,"comment_status":"closed","ping_status":"closed","template":"","meta":[],"product_cat":[71],"product_tag":[],"class_list":{"0":"post-2285","1":"product","2":"type-product","3":"status-publish","4":"has-post-thumbnail","6":"product_cat-klassische-kollektion","7":"pa_gusto-spumante-gruene-fruechte","9":"first","10":"instock","11":"taxable","12":"shipping-taxable","13":"purchasable","14":"product-type-simple"},"bundle_layout":"","bundled_by":["2353","2304","2334","2727"],"bundled_items":[],"yoast_head":"<!-- This site is optimized with the Yoast SEO plugin v26.2 - https:\/\/yoast.com\/wordpress\/plugins\/seo\/ -->\n<title>Rogante GreenFruits - Rogante<\/title>\n<meta name=\"robots\" content=\"index, follow, max-snippet:-1, max-image-preview:large, max-video-preview:-1\" \/>\n<link rel=\"canonical\" href=\"https:\/\/www.rogante.net\/de\/produkt\/rogante-greenfruits\/\" \/>\n<meta property=\"og:locale\" content=\"de_DE\" \/>\n<meta property=\"og:type\" content=\"article\" \/>\n<meta property=\"og:title\" content=\"Rogante GreenFruits - Rogante\" \/>\n<meta property=\"og:description\" content=\"Ein gr\u00fcn-fruchtiges Aroma. Inhalt: 1 Flasche Schaumwein Rogante \u201cGreenFruits\u201d (0,75 l) .\" \/>\n<meta property=\"og:url\" content=\"https:\/\/www.rogante.net\/de\/produkt\/rogante-greenfruits\/\" \/>\n<meta property=\"og:site_name\" content=\"Rogante\" \/>\n<meta property=\"article:modified_time\" content=\"2023-01-27T16:26:47+00:00\" \/>\n<meta property=\"og:image\" content=\"https:\/\/www.rogante.net\/wp-content\/uploads\/2018\/09\/rogante_green_fruits_2020.jpg\" \/>\n\t<meta property=\"og:image:width\" content=\"1800\" \/>\n\t<meta property=\"og:image:height\" content=\"1800\" \/>\n\t<meta property=\"og:image:type\" content=\"image\/jpeg\" \/>\n<meta name=\"twitter:card\" content=\"summary_large_image\" \/>\n<meta name=\"twitter:label1\" content=\"Gesch\u00e4tzte Lesezeit\" \/>\n\t<meta name=\"twitter:data1\" content=\"1\u00a0Minute\" \/>\n<script type=\"application\/ld+json\" class=\"yoast-schema-graph\">{\"@context\":\"https:\/\/schema.org\",\"@graph\":[{\"@type\":\"WebPage\",\"@id\":\"https:\/\/www.rogante.net\/de\/produkt\/rogante-greenfruits\/\",\"url\":\"https:\/\/www.rogante.net\/de\/produkt\/rogante-greenfruits\/\",\"name\":\"Rogante GreenFruits - Rogante\",\"isPartOf\":{\"@id\":\"http:\/\/www.rogante.net\/de\/#website\"},\"primaryImageOfPage\":{\"@id\":\"https:\/\/www.rogante.net\/de\/produkt\/rogante-greenfruits\/#primaryimage\"},\"image\":{\"@id\":\"https:\/\/www.rogante.net\/de\/produkt\/rogante-greenfruits\/#primaryimage\"},\"thumbnailUrl\":\"https:\/\/www.rogante.net\/wp-content\/uploads\/2018\/09\/rogante_green_fruits_2020.jpg\",\"datePublished\":\"2018-09-29T10:01:43+00:00\",\"dateModified\":\"2023-01-27T16:26:47+00:00\",\"breadcrumb\":{\"@id\":\"https:\/\/www.rogante.net\/de\/produkt\/rogante-greenfruits\/#breadcrumb\"},\"inLanguage\":\"de\",\"potentialAction\":[{\"@type\":\"ReadAction\",\"target\":[\"https:\/\/www.rogante.net\/de\/produkt\/rogante-greenfruits\/\"]}]},{\"@type\":\"ImageObject\",\"inLanguage\":\"de\",\"@id\":\"https:\/\/www.rogante.net\/de\/produkt\/rogante-greenfruits\/#primaryimage\",\"url\":\"https:\/\/www.rogante.net\/wp-content\/uploads\/2018\/09\/rogante_green_fruits_2020.jpg\",\"contentUrl\":\"https:\/\/www.rogante.net\/wp-content\/uploads\/2018\/09\/rogante_green_fruits_2020.jpg\",\"width\":1800,\"height\":1800},{\"@type\":\"BreadcrumbList\",\"@id\":\"https:\/\/www.rogante.net\/de\/produkt\/rogante-greenfruits\/#breadcrumb\",\"itemListElement\":[{\"@type\":\"ListItem\",\"position\":1,\"name\":\"Home\",\"item\":\"http:\/\/www.rogante.net\/de\/\"},{\"@type\":\"ListItem\",\"position\":2,\"name\":\"Shop\",\"item\":\"http:\/\/www.rogante.net\/de\/shop\/\"},{\"@type\":\"ListItem\",\"position\":3,\"name\":\"Rogante GreenFruits\"}]},{\"@type\":\"WebSite\",\"@id\":\"http:\/\/www.rogante.net\/de\/#website\",\"url\":\"http:\/\/www.rogante.net\/de\/\",\"name\":\"Rogante\",\"description\":\"Premium Sparkling Fruits\",\"potentialAction\":[{\"@type\":\"SearchAction\",\"target\":{\"@type\":\"EntryPoint\",\"urlTemplate\":\"http:\/\/www.rogante.net\/de\/?s={search_term_string}\"},\"query-input\":{\"@type\":\"PropertyValueSpecification\",\"valueRequired\":true,\"valueName\":\"search_term_string\"}}],\"inLanguage\":\"de\"}]}<\/script>\n<!-- \/ Yoast SEO plugin. -->","yoast_head_json":{"title":"Rogante GreenFruits - Rogante","robots":{"index":"index","follow":"follow","max-snippet":"max-snippet:-1","max-image-preview":"max-image-preview:large","max-video-preview":"max-video-preview:-1"},"canonical":"https:\/\/www.rogante.net\/de\/produkt\/rogante-greenfruits\/","og_locale":"de_DE","og_type":"article","og_title":"Rogante GreenFruits - Rogante","og_description":"Ein gr\u00fcn-fruchtiges Aroma. Inhalt: 1 Flasche Schaumwein Rogante \u201cGreenFruits\u201d (0,75 l) .","og_url":"https:\/\/www.rogante.net\/de\/produkt\/rogante-greenfruits\/","og_site_name":"Rogante","article_modified_time":"2023-01-27T16:26:47+00:00","og_image":[{"width":1800,"height":1800,"url":"https:\/\/www.rogante.net\/wp-content\/uploads\/2018\/09\/rogante_green_fruits_2020.jpg","type":"image\/jpeg"}],"twitter_card":"summary_large_image","twitter_misc":{"Gesch\u00e4tzte Lesezeit":"1\u00a0Minute"},"schema":{"@context":"https:\/\/schema.org","@graph":[{"@type":"WebPage","@id":"https:\/\/www.rogante.net\/de\/produkt\/rogante-greenfruits\/","url":"https:\/\/www.rogante.net\/de\/produkt\/rogante-greenfruits\/","name":"Rogante GreenFruits - Rogante","isPartOf":{"@id":"http:\/\/www.rogante.net\/de\/#website"},"primaryImageOfPage":{"@id":"https:\/\/www.rogante.net\/de\/produkt\/rogante-greenfruits\/#primaryimage"},"image":{"@id":"https:\/\/www.rogante.net\/de\/produkt\/rogante-greenfruits\/#primaryimage"},"thumbnailUrl":"https:\/\/www.rogante.net\/wp-content\/uploads\/2018\/09\/rogante_green_fruits_2020.jpg","datePublished":"2018-09-29T10:01:43+00:00","dateModified":"2023-01-27T16:26:47+00:00","breadcrumb":{"@id":"https:\/\/www.rogante.net\/de\/produkt\/rogante-greenfruits\/#breadcrumb"},"inLanguage":"de","potentialAction":[{"@type":"ReadAction","target":["https:\/\/www.rogante.net\/de\/produkt\/rogante-greenfruits\/"]}]},{"@type":"ImageObject","inLanguage":"de","@id":"https:\/\/www.rogante.net\/de\/produkt\/rogante-greenfruits\/#primaryimage","url":"https:\/\/www.rogante.net\/wp-content\/uploads\/2018\/09\/rogante_green_fruits_2020.jpg","contentUrl":"https:\/\/www.rogante.net\/wp-content\/uploads\/2018\/09\/rogante_green_fruits_2020.jpg","width":1800,"height":1800},{"@type":"BreadcrumbList","@id":"https:\/\/www.rogante.net\/de\/produkt\/rogante-greenfruits\/#breadcrumb","itemListElement":[{"@type":"ListItem","position":1,"name":"Home","item":"http:\/\/www.rogante.net\/de\/"},{"@type":"ListItem","position":2,"name":"Shop","item":"http:\/\/www.rogante.net\/de\/shop\/"},{"@type":"ListItem","position":3,"name":"Rogante GreenFruits"}]},{"@type":"WebSite","@id":"http:\/\/www.rogante.net\/de\/#website","url":"http:\/\/www.rogante.net\/de\/","name":"Rogante","description":"Premium Sparkling Fruits","potentialAction":[{"@type":"SearchAction","target":{"@type":"EntryPoint","urlTemplate":"http:\/\/www.rogante.net\/de\/?s={search_term_string}"},"query-input":{"@type":"PropertyValueSpecification","valueRequired":true,"valueName":"search_term_string"}}],"inLanguage":"de"}]}},"_links":{"self":[{"href":"https:\/\/www.rogante.net\/de\/wp-json\/wp\/v2\/product\/2285","targetHints":{"allow":["GET"]}}],"collection":[{"href":"https:\/\/www.rogante.net\/de\/wp-json\/wp\/v2\/product"}],"about":[{"href":"https:\/\/www.rogante.net\/de\/wp-json\/wp\/v2\/types\/product"}],"replies":[{"embeddable":true,"href":"https:\/\/www.rogante.net\/de\/wp-json\/wp\/v2\/comments?post=2285"}],"wp:featuredmedia":[{"embeddable":true,"href":"https:\/\/www.rogante.net\/de\/wp-json\/wp\/v2\/media\/2806"}],"wp:attachment":[{"href":"https:\/\/www.rogante.net\/de\/wp-json\/wp\/v2\/media?parent=2285"}],"wp:term":[{"taxonomy":"product_cat","embeddable":true,"href":"https:\/\/www.rogante.net\/de\/wp-json\/wp\/v2\/product_cat?post=2285"},{"taxonomy":"product_tag","embeddable":true,"href":"https:\/\/www.rogante.net\/de\/wp-json\/wp\/v2\/product_tag?post=2285"}],"curies":[{"name":"wp","href":"https:\/\/api.w.org\/{rel}","templated":true}]}}