{"id":2574,"date":"2017-06-27T07:05:37","date_gmt":"2017-06-27T07:05:37","guid":{"rendered":"https:\/\/www.rogante.net\/la-cantina\/"},"modified":"2020-10-26T11:10:21","modified_gmt":"2020-10-26T10:10:21","slug":"der-weinkeller","status":"publish","type":"page","link":"https:\/\/www.rogante.net\/de\/der-weinkeller\/","title":{"rendered":"Der Weinkeller"},"content":{"rendered":"<div class=\"wpb-content-wrapper\"><p>[vc_row][vc_column][vc_column_text text_larger=&#8220;no&#8220;]<\/p>\n<p class=\"p1\">Rogante ist ein kleiner Weinkeller, der aber gro\u00df denkt. Au\u00dfergew\u00f6hnliche und einzigartige Weine wie unsere Schaumweine bed\u00fcrfen besonderer Aufmerksamkeit. Daher haben wir es uns seit Jahren zur Aufgabe gemacht, unsere Schaumweine so auszubauen, wie Sie uns am besten schmecken.<\/p>\n<p class=\"p1\">Dies tun wir basierend auf langj\u00e4hriger Erfahrung sowie gro\u00dfer Experimentfreudigkeit. Daraus entstanden unsere Schaumweine, welche Tradition, Innovation und Wertsch\u00e4tzung f\u00fcr die Natur verbinden.<\/p>\n<p>[\/vc_column_text][\/vc_column][\/vc_row][vc_row equal_height=&#8220;yes&#8220; css=&#8220;.vc_custom_1601395018961{margin-bottom: 2vh !important;}&#8220; mobile_bg_img_hidden=&#8220;no&#8220; tablet_bg_img_hidden=&#8220;no&#8220; woodmart_parallax=&#8220;0&#8243; woodmart_gradient_switch=&#8220;no&#8220; row_reverse_mobile=&#8220;0&#8243; row_reverse_tablet=&#8220;0&#8243; woodmart_disable_overflow=&#8220;0&#8243;][vc_column width=&#8220;1\/2&#8243; css=&#8220;.vc_custom_1601392731328{padding-top: 0px !important;}&#8220; mobile_bg_img_hidden=&#8220;no&#8220; tablet_bg_img_hidden=&#8220;no&#8220; woodmart_parallax=&#8220;0&#8243; woodmart_sticky_column=&#8220;false&#8220; parallax_scroll=&#8220;no&#8220; mobile_reset_margin=&#8220;no&#8220; tablet_reset_margin=&#8220;no&#8220;][vc_custom_heading text=&#8220;Der Weinkeller Rogante und ihre exklusiven Rezepte.&#8220; font_container=&#8220;tag:h3|font_size:18|text_align:left|color:%23132864&#8243; use_theme_fonts=&#8220;yes&#8220;][vc_column_text text_larger=&#8220;no&#8220;]Wir verwenden f\u00fcr die Herstellung unserer Schaumweine ausschlie\u00dflich 100 % biologische und konzentrierte Fruchts\u00e4fte.<\/p>\n<p>Sie sind intensiv im Geschmack und eigenen sich daher hervorragend f\u00fcr die Herstellung unserer fruchtigen Schaumweine.[\/vc_column_text][\/vc_column][vc_column width=&#8220;1\/2&#8243; css=&#8220;.vc_custom_1484657123074{padding-top: 0px !important;}&#8220;][vc_custom_heading text=&#8220;Integrierte Produktion und nachhaltige Landwirtschaft.&#8220; font_container=&#8220;tag:h3|font_size:18|text_align:left|color:%23132864&#8243; use_theme_fonts=&#8220;yes&#8220;][vc_column_text text_larger=&#8220;no&#8220;]F\u00fcr die Herstellung unserer fruchtigen Schaumweine haben wir die integrierte Landwirtschaft ausgew\u00e4hlt. Sie gilt als naturnahe und nachhaltige Anbauweise. Dabei werden die Hilfsmittel bedacht eingesetzt, die nat\u00fcrlichen Ressourcen geschont sowie die Fruchtbarkeit der B\u00f6den erhalten.<\/p>\n<p>Unser Ziel ist es also, eine umweltschonende Produktion von gesunden und qualitativ hochwertigen Schaumweinen zu sichern.[\/vc_column_text][\/vc_column][\/vc_row][vc_row css=&#8220;.vc_custom_1601395029998{margin-bottom: 2vh !important;}&#8220; mobile_bg_img_hidden=&#8220;no&#8220; tablet_bg_img_hidden=&#8220;no&#8220; woodmart_parallax=&#8220;0&#8243; woodmart_gradient_switch=&#8220;no&#8220; row_reverse_mobile=&#8220;0&#8243; row_reverse_tablet=&#8220;0&#8243; woodmart_disable_overflow=&#8220;0&#8243;][vc_column][vc_btn title=&#8220;ENTDECKEN SIE DIE SCHAUMWEINE&#8220; style=&#8220;custom&#8220; custom_background=&#8220;#132864&#8243; custom_text=&#8220;#ffffff&#8220; align=&#8220;center&#8220; i_align=&#8220;right&#8220; i_icon_fontawesome=&#8220;fas fa-chevron-right&#8220; css_animation=&#8220;top-to-bottom&#8220; add_icon=&#8220;true&#8220; link=&#8220;url:https%3A%2F%2Fwww.rogante.net%2Fde%2Fshop%2F|title:Shop&#8220; el_class=&#8220;button-link&#8220;][\/vc_column][\/vc_row]<\/p>\n<\/div>","protected":false},"excerpt":{"rendered":"<p>[vc_row][vc_column][vc_column_text text_larger=&#8220;no&#8220;] Rogante ist ein kleiner Weinkeller, der aber gro\u00df denkt. Au\u00dfergew\u00f6hnliche und einzigartige Weine wie unsere Schaumweine bed\u00fcrfen besonderer<\/p>\n","protected":false},"author":1,"featured_media":0,"parent":0,"menu_order":0,"comment_status":"closed","ping_status":"closed","template":"","meta":{"footnotes":""},"class_list":["post-2574","page","type-page","status-publish","hentry"],"yoast_head":"<!-- This site is optimized with the Yoast SEO plugin v26.2 - https:\/\/yoast.com\/wordpress\/plugins\/seo\/ -->\n<title>Der Weinkeller - Rogante<\/title>\n<meta name=\"robots\" content=\"index, follow, max-snippet:-1, max-image-preview:large, max-video-preview:-1\" \/>\n<link rel=\"canonical\" href=\"https:\/\/www.rogante.net\/de\/der-weinkeller\/\" \/>\n<meta property=\"og:locale\" content=\"de_DE\" \/>\n<meta property=\"og:type\" content=\"article\" \/>\n<meta property=\"og:title\" content=\"Der Weinkeller - Rogante\" \/>\n<meta property=\"og:description\" content=\"[vc_row][vc_column][vc_column_text text_larger=&#8220;no&#8220;] Rogante ist ein kleiner Weinkeller, der aber gro\u00df denkt. Au\u00dfergew\u00f6hnliche und einzigartige Weine wie unsere Schaumweine bed\u00fcrfen besonderer\" \/>\n<meta property=\"og:url\" content=\"https:\/\/www.rogante.net\/de\/der-weinkeller\/\" \/>\n<meta property=\"og:site_name\" content=\"Rogante\" \/>\n<meta property=\"article:modified_time\" content=\"2020-10-26T10:10:21+00:00\" \/>\n<meta name=\"twitter:card\" content=\"summary_large_image\" \/>\n<meta name=\"twitter:label1\" content=\"Gesch\u00e4tzte Lesezeit\" \/>\n\t<meta name=\"twitter:data1\" content=\"2\u00a0Minuten\" \/>\n<script type=\"application\/ld+json\" class=\"yoast-schema-graph\">{\"@context\":\"https:\/\/schema.org\",\"@graph\":[{\"@type\":\"WebPage\",\"@id\":\"https:\/\/www.rogante.net\/de\/der-weinkeller\/\",\"url\":\"https:\/\/www.rogante.net\/de\/der-weinkeller\/\",\"name\":\"Der Weinkeller - Rogante\",\"isPartOf\":{\"@id\":\"https:\/\/www.rogante.net\/de\/#website\"},\"datePublished\":\"2017-06-27T07:05:37+00:00\",\"dateModified\":\"2020-10-26T10:10:21+00:00\",\"breadcrumb\":{\"@id\":\"https:\/\/www.rogante.net\/de\/der-weinkeller\/#breadcrumb\"},\"inLanguage\":\"de\",\"potentialAction\":[{\"@type\":\"ReadAction\",\"target\":[\"https:\/\/www.rogante.net\/de\/der-weinkeller\/\"]}]},{\"@type\":\"BreadcrumbList\",\"@id\":\"https:\/\/www.rogante.net\/de\/der-weinkeller\/#breadcrumb\",\"itemListElement\":[{\"@type\":\"ListItem\",\"position\":1,\"name\":\"Home\",\"item\":\"http:\/\/www.rogante.net\/de\/\"},{\"@type\":\"ListItem\",\"position\":2,\"name\":\"Der Weinkeller\"}]},{\"@type\":\"WebSite\",\"@id\":\"https:\/\/www.rogante.net\/de\/#website\",\"url\":\"https:\/\/www.rogante.net\/de\/\",\"name\":\"Rogante\",\"description\":\"Premium Sparkling Fruits\",\"potentialAction\":[{\"@type\":\"SearchAction\",\"target\":{\"@type\":\"EntryPoint\",\"urlTemplate\":\"https:\/\/www.rogante.net\/de\/?s={search_term_string}\"},\"query-input\":{\"@type\":\"PropertyValueSpecification\",\"valueRequired\":true,\"valueName\":\"search_term_string\"}}],\"inLanguage\":\"de\"}]}<\/script>\n<!-- \/ Yoast SEO plugin. -->","yoast_head_json":{"title":"Der Weinkeller - Rogante","robots":{"index":"index","follow":"follow","max-snippet":"max-snippet:-1","max-image-preview":"max-image-preview:large","max-video-preview":"max-video-preview:-1"},"canonical":"https:\/\/www.rogante.net\/de\/der-weinkeller\/","og_locale":"de_DE","og_type":"article","og_title":"Der Weinkeller - Rogante","og_description":"[vc_row][vc_column][vc_column_text text_larger=&#8220;no&#8220;] Rogante ist ein kleiner Weinkeller, der aber gro\u00df denkt. Au\u00dfergew\u00f6hnliche und einzigartige Weine wie unsere Schaumweine bed\u00fcrfen besonderer","og_url":"https:\/\/www.rogante.net\/de\/der-weinkeller\/","og_site_name":"Rogante","article_modified_time":"2020-10-26T10:10:21+00:00","twitter_card":"summary_large_image","twitter_misc":{"Gesch\u00e4tzte Lesezeit":"2\u00a0Minuten"},"schema":{"@context":"https:\/\/schema.org","@graph":[{"@type":"WebPage","@id":"https:\/\/www.rogante.net\/de\/der-weinkeller\/","url":"https:\/\/www.rogante.net\/de\/der-weinkeller\/","name":"Der Weinkeller - Rogante","isPartOf":{"@id":"https:\/\/www.rogante.net\/de\/#website"},"datePublished":"2017-06-27T07:05:37+00:00","dateModified":"2020-10-26T10:10:21+00:00","breadcrumb":{"@id":"https:\/\/www.rogante.net\/de\/der-weinkeller\/#breadcrumb"},"inLanguage":"de","potentialAction":[{"@type":"ReadAction","target":["https:\/\/www.rogante.net\/de\/der-weinkeller\/"]}]},{"@type":"BreadcrumbList","@id":"https:\/\/www.rogante.net\/de\/der-weinkeller\/#breadcrumb","itemListElement":[{"@type":"ListItem","position":1,"name":"Home","item":"http:\/\/www.rogante.net\/de\/"},{"@type":"ListItem","position":2,"name":"Der Weinkeller"}]},{"@type":"WebSite","@id":"https:\/\/www.rogante.net\/de\/#website","url":"https:\/\/www.rogante.net\/de\/","name":"Rogante","description":"Premium Sparkling Fruits","potentialAction":[{"@type":"SearchAction","target":{"@type":"EntryPoint","urlTemplate":"https:\/\/www.rogante.net\/de\/?s={search_term_string}"},"query-input":{"@type":"PropertyValueSpecification","valueRequired":true,"valueName":"search_term_string"}}],"inLanguage":"de"}]}},"_links":{"self":[{"href":"https:\/\/www.rogante.net\/de\/wp-json\/wp\/v2\/pages\/2574","targetHints":{"allow":["GET"]}}],"collection":[{"href":"https:\/\/www.rogante.net\/de\/wp-json\/wp\/v2\/pages"}],"about":[{"href":"https:\/\/www.rogante.net\/de\/wp-json\/wp\/v2\/types\/page"}],"author":[{"embeddable":true,"href":"https:\/\/www.rogante.net\/de\/wp-json\/wp\/v2\/users\/1"}],"replies":[{"embeddable":true,"href":"https:\/\/www.rogante.net\/de\/wp-json\/wp\/v2\/comments?post=2574"}],"version-history":[{"count":0,"href":"https:\/\/www.rogante.net\/de\/wp-json\/wp\/v2\/pages\/2574\/revisions"}],"wp:attachment":[{"href":"https:\/\/www.rogante.net\/de\/wp-json\/wp\/v2\/media?parent=2574"}],"curies":[{"name":"wp","href":"https:\/\/api.w.org\/{rel}","templated":true}]}}