{"id":2851,"date":"2020-09-12T23:52:53","date_gmt":"2020-09-12T21:52:53","guid":{"rendered":"https:\/\/www.rogante.net\/privacy-policy\/"},"modified":"2020-10-28T02:56:13","modified_gmt":"2020-10-28T01:56:13","slug":"privacy-policy","status":"publish","type":"page","link":"http:\/\/www.rogante.net\/en\/privacy-policy\/","title":{"rendered":"Privacy Policy"},"content":{"rendered":"<div class=\"wpb-content-wrapper\"><p>[vc_row][vc_column][vc_column_text text_larger=&#8221;no&#8221;]<\/p>\r\n<p>Ai sensi dell\u2019art. 13 del D. Lgs. n. 196\/2003 \u2013 \u201cCodice in materia di protezione dei dati personali\u201d \u00e8 necessario che le vengano fornite informazioni in merito all\u2019utilizzo dei suoi \u201cdati personali\u201d.<\/p>\r\n<p>Di seguito \u00e8 riportata la Privacy Policy di Rogante.net . Essa contiene tutte le informazioni che deve conoscere perch\u00e9 possa utilizzare il Sito con serenit\u00e0 ed in piena coscienza dei dati che fornisce o fornirai durante la sua navigazione sul Sito.<\/p>\r\n<p>L\u2019informativa \u00e8 resa solo per questo sito e non anche per altri siti web eventualmente consultati dall\u2019utente tramite link.<\/p>\r\n<p>&nbsp;<\/p>\r\n<h2 class=\"wp-block-heading\">Titolarit\u00e0 del trattamento ed ambito di applicazione<\/h2>\r\n<p>Titolare del trattamento dei dati raccolti \u00e8 Rogante srl Via Menar\u00e8 , 107 &#8211; 31015 Conegliano (TV)\u00a0 \u2013 Italia, info@rogante.net.<\/p>\r\n<p>Il Sito e\/o il suo Titolare non sono responsabili del trattamento dei dati raccolti su pagine non presenti all\u2019interno del dominio di secondo livello http:\/\/www.rogante.net o suoi eventuali sotto-domini.<\/p>\r\n<p>&nbsp;<\/p>\r\n<h2>Fonti dei dati personali<\/h2>\r\n<p>Gli applicativi dedicati al funzionamento di questo Sito potrebbero rilevare, nel corso del loro normale funzionamento, alcuni suoi dati (la cui trasmissione \u00e8 implicita nell\u2019uso dei protocolli di comunicazione di Internet), comunque non associati a lei direttamente.<\/p>\r\n<p>Tra i dati raccolti possono essere compresi anche, a titolo esemplificativo e non esaustivo, l\u2019indirizzo IP, i nomi di dominio e il tipo di browser dei computer utilizzati per connettersi al Sito, gli indirizzi in notazione URI (Uniform Resource Identifier) delle risorse richieste, l\u2019orario della richiesta, il metodo utilizzato nel sottoporre la richiesta al server, la dimensione del file ottenuto in risposta, il codice numerico indicante lo stato della risposta data dal server (buon fine, errore, ecc.) ed altri parametri riguardanti il sistema operativo e l\u2019ambiente informatico che utilizzi.<\/p>\r\n<p>Questi dati non consentono, in ogni caso, di giungere alla sua identit\u00e0 e sono da considerarsi, quindi, anonimi.<\/p>\r\n<p><strong><em>a) Finalit\u00e0 e modalit\u00e0 del trattamento cui sono destinati i dati.<\/em><\/strong><\/p>\r\n<p><strong>Dati personali raccolti<\/strong><\/p>\r\n<p>Nel sito rogante.net l\u2019utente ha la possibilit\u00e0, se lo desidera, di inviare alcuni dati personali per richiedere informazioni e\/o fare acquisti on line. L\u2019invio dei dati avviene volontariamente da parte dell\u2019utente o dell\u2019interessato. Nessun dato personale viene raccolto dal sito senza esplicita volont\u00e0 dell\u2019utente.<\/p>\r\n<p>I dati personali raccolti sono i seguenti: Nome, Cognome, Ragione sociale, Telefono, Indirizzo, Citt\u00e0, CAP, Provincia, Stato, P.IVA\/Codice Fiscale, Email. Tutti i dati elencati sono richiesti nella pagina checkout e in altre pagine del sito attraverso form informatici. L\u2019indirizzo e-mail dell\u2019utente, pu\u00f2 essere altres\u00ec raccolto attraverso un link in tutte le pagine del sito o nella pagina dei contatti, qualora l\u2019utente utilizzi questo link per richiedere informazioni attraverso l\u2019invio di una e-mail.<\/p>\r\n<p>I dati raccolti possono riferirsi sia all\u2019Utente, sia a soggetti terzi di cui l\u2019Utente fornisce i dati dietro propria volont\u00e0. L\u2019Utente si assume pertanto la responsabilit\u00e0 dei Dati personali di terzi inviati e garantisce di avere il diritto di comunicarli o diffonderli liberando il Titolare del Trattamento da qualsiasi responsabilit\u00e0 verso terzi.<\/p>\r\n<p><strong>Finalit\u00e0 della raccolta dei dati<\/strong><\/p>\r\n<p>La finalit\u00e0 della raccolta dei dati personali \u00e8 quella di:<\/p>\r\n<p>&#8211; rispondere alle richieste di informazioni;<\/p>\r\n<p>&#8211; rispondere alle richieste di prenotazione;<\/p>\r\n<p>&#8211; rispondere alle richieste di ordini on-line;<\/p>\r\n<h3>Visualizzazione di contenuti da piattaforme esterne<\/h3>\r\n<p>Questi servizi permettono la visualizzazione contenuti ospitati su piattaforme esterne direttamente dalle pagine di questo sito web e di interagire con essi.<\/p>\r\n<p>Nel caso in cui sia installato un servizio di questo tipo, \u00e8 possibile che, anche nel caso gli Utenti non utilizzino il servizio, lo stesso raccolga dati di traffico relativi alle pagine in cui \u00e8 installato.<\/p>\r\n<h5>Google Fonts (Google)<\/h5>\r\n<p>Google Fonts \u00e8 un servizio di visualizzazione di stili di carattere gestito da Google Inc. che permette a questa sito di integrare tali contenuti all\u2019interno delle proprie pagine.<\/p>\r\n<p>Dati personali raccolti: <a href=\"http:\/\/it.wikipedia.org\/wiki\/Cookie\">Cookie<\/a> e Dati di utilizzo.<\/p>\r\n<p>Luogo del trattamento: USA \u2013 <a href=\"http:\/\/www.google.it\/intl\/it\/policies\/privacy\/\">Privacy Policy<\/a><\/p>\r\n<h5>Widget Google Maps (Google)<\/h5>\r\n<p>Google Maps \u00e8 un servizio di visualizzazione di mappe gestito da Google Inc. che permette a questo sito di integrare tali contenuti all\u2019interno delle proprie pagine.<\/p>\r\n<p>Dati personali raccolti: <a href=\"http:\/\/it.wikipedia.org\/wiki\/Cookie\">Cookie<\/a> e Dati di utilizzo.<\/p>\r\n<p>Luogo del trattamento: USA \u2013 <a href=\"http:\/\/www.google.it\/intl\/it\/policies\/privacy\/\">Privacy Policy<\/a><\/p>\r\n<p>&nbsp;<\/p>\r\n<h3>Statistiche di navigazione<\/h3>\r\n<p>Questo sito web fa uso di Google Analytics con IP anonimizzato un servizio di analisi di siti web che sviluppa statistiche di navigazione sul sito. Questo servizio potrebbero utilizzare \u201c<a href=\"http:\/\/it.wikipedia.org\/wiki\/Cookie\">cookies<\/a>\u201d; cio\u00e8 files di testo che vengono depositati sul computer dell\u2019utente per consentire di analizzare come gli utenti utilizzano il sito web e sviluppare statistiche al fine di migliorare il servizio offerto. Le informazioni generate dal cookie sull\u2019utilizzo del sito web da parte dell\u2019utente (visite ricevute, paese di provenienza delle richieste, frequenza di visita degli utenti, sistemi operativi utilizzati, tempi di permanenza sulle pagine, pagine visitate, indirizzi IP anonimi, etc\u2026) vengono direttamente trasmesse ai server di Google Analytics, senza essere raccolte dal sito www.rogante.net . Queste informazioni sono raccolte solamente per gli scopi statistici e non sono usate per identificare gli individui. Ciascun utente ha tuttavia la possibilit\u00e0 di disattivare l\u2019utilizzo di tali \u201c<a href=\"http:\/\/it.wikipedia.org\/wiki\/Cookie\">cookies<\/a>\u201d in qualsiasi momento, agendo direttamente sulle impostazioni del proprio browser.<\/p>\r\n<p>Relativamente alle Privacy Policy di Google Analytics nello svolgimento di questo servizio, si rimanda ai rispettivi siti web che contengono le informazioni necessarie: Luogo del trattamento: USA \u2013 <a href=\"http:\/\/www.google.com\/intl\/it\/policies\/privacy\/\">Privacy Policy<\/a> \u2013 <a href=\"http:\/\/tools.google.com\/dlpage\/gaoptout?hl=it\">Opt Out<\/a><\/p>\r\n<p>Utilizzando il presente sito web, l\u2019utente acconsente al trattamento dei suoi dati da parte di Google Analytics con IP anonimizzato per le modalit\u00e0 e i fini sopraindicati.<\/p>\r\n<p>&nbsp;<\/p>\r\n<p><strong>Modalit\u00e0 del trattamento dei dati<\/strong><\/p>\r\n<p>Il trattamento dei dati personali avviene mediante strumenti manuali, informatici e telematici in modo da garantire la sicurezza e la riservatezza dei dati stessi, adottando le opportune misure di sicurezza volte ad impedire l\u2019accesso, la divulgazione, la modifica o la distruzione non autorizzate dei dati raccolti.<\/p>\r\n<p><strong>Diffusione dei dati raccolti<\/strong><\/p>\r\n<p>Nessun dato personale raccolto da rogante.net verr\u00e0 mai diffuso a terzi.<\/p>\r\n<p><strong>Luogo del trattamento dei dati<\/strong><\/p>\r\n<p>I dati sono trattati presso la sede del Titolare del Trattamento.<\/p>\r\n<p><strong>Tempi del trattamento dei dati<\/strong><\/p>\r\n<p>I dati sono trattati per il tempo strettamente necessario a conseguire gli scopi per cui sono stati raccolti e per lo svolgimento del servizio richiesto dall\u2019Utente.<\/p>\r\n<p>&nbsp;<\/p>\r\n<p><strong><em>b) Natura obbligatoria o facoltativa del conferimento dei dati.<\/em><\/strong><\/p>\r\n<p><strong>Conferimento dei dati<\/strong><\/p>\r\n<p>Tutti i dati sono conferiti volontariamente da parte dell\u2019utente o dell\u2019interessato e sono pertanto facoltativi. Nessun dato personale viene raccolto dal sito senza esplicita volont\u00e0 dell\u2019utente. L\u2019Utente pu\u00f2 sempre chiedere l\u2019interruzione del Trattamento o la cancellazione dei propri dati inviando una e-mail al Titolare del Trattamento dei dati, oppure contattandolo telefonicamente.<\/p>\r\n<p><strong><em>c) Conseguenze di un eventuale rifiuto di rispondere.<\/em><\/strong><\/p>\r\n<p><strong>Compilazione dei form di raccolta dati.<\/strong><\/p>\r\n<p>Il mancato conferimento dei dati da parte dell\u2019utente rende impossibile la risposta alle richieste dell\u2019Utente stesso. La mancata compilazione dei form di raccolta dati per la richiesta di checkout, della raccolta di messaggi per richieste di informazioni nella pagina dei contatti e per le prenotazioni rent your bike rende impossibile il soddisfacimento di tali richieste.<\/p>\r\n<p><strong><em>d) Soggetti ai quali i dati personali possono essere comunicati<\/em><\/strong><\/p>\r\n<p><strong>Titolare del Trattamento dei Dati<\/strong><\/p>\r\n<p>Il Titolare del Trattamento dei dati personali \u00e8 l\u2019unica persona che pu\u00f2 venire a conoscenza dei dati medesimi ed \u00e8Rogante srl Via Menar\u00e8 , 107 &#8211; 31015 Conegliano (TV)\u00a0 \u2013 Italia, <a href=\"mailto:info@rogante.net\">info@rogante.net<\/a> ed \u00e8 a disposizione per qualsiasi richiesta di chiarimento relativo a questa privacy policy.<\/p>\r\n<p><strong><em>e) Diritti di cui all\u2019articolo 7 del Decreto Legislativo 30 giugno 2003 n\u00b0 196;<\/em><\/strong><\/p>\r\n<p><strong>Diritto di accesso ai dati personali ed altri diritti<\/strong><\/p>\r\n<p>Si riporta integralmente l\u2019art. 7 del Decreto Legislativo 30 giugno 2003 n\u00b0 196 (Diritto di accesso ai dati personali ed altri diritti) per mettere l\u2019utente a conoscenza dei propri diritti in materia di Privacy relativa ai propri dati personali.<\/p>\r\n<p><strong>Decreto Legislativo 30 giugno 2003 n\u00b0 196 \u2013 Art. 7<\/strong><\/p>\r\n<ol>\r\n<li>L\u2019interessato ha diritto di ottenere la conferma dell\u2019esistenza o meno di dati personali che lo riguardano, anche se non ancora registrati, e la loro comunicazione in forma intelligibile.<\/li>\r\n<li>L\u2019interessato ha diritto di ottenere l\u2019indicazione:<\/li>\r\n<li>a) dell\u2019origine dei dati personali;<\/li>\r\n<li>b) delle finalit\u00e0 e modalit\u00e0 del trattamento;<\/li>\r\n<li>c) della logica applicata in caso di trattamento effettuato con l\u2019ausilio di strumenti elettronici;<\/li>\r\n<li>d) degli estremi identificativi del titolare, dei responsabili e del rappresentante designato ai sensi dell\u2019articolo 5, comma 2;<\/li>\r\n<li>e) dei soggetti o delle categorie di soggetti ai quali i dati personali possono essere comunicati o che possono venirne a conoscenza in qualit\u00e0 di rappresentante designato nel territorio dello Stato, di responsabili o incaricati.<\/li>\r\n<li>L\u2019interessato ha diritto di ottenere:<\/li>\r\n<li>a) l\u2019aggiornamento, la rettificazione ovvero, quando vi ha interesse, l\u2019integrazione dei dati;<\/li>\r\n<li>b) la cancellazione, la trasformazione in forma anonima o il blocco dei dati trattati in violazione di legge, compresi quelli di cui non e\u2019 necessaria la conservazione in relazione agli scopi per i quali i dati sono stati raccolti o successivamente trattati;<\/li>\r\n<li>c) l\u2019attestazione che le operazioni di cui alle lettere a) e b) sono state portate a conoscenza, anche per quanto riguarda il loro contenuto, di coloro ai quali i dati sono stati comunicati o diffusi, eccettuato il caso in cui tale adempimento si rivela impossibile o comporta un impiego di mezzi manifestamente sproporzionato rispetto al diritto tutelato.<\/li>\r\n<li>L\u2019interessato ha diritto di opporsi, in tutto o in parte:<\/li>\r\n<li>a) per motivi legittimi al trattamento dei dati personali che lo riguardano, ancorch\u00e9 pertinenti allo scopo della raccolta;<\/li>\r\n<li>b) al trattamento di dati personali che lo riguardano a fini di invio di materiale pubblicitario o di vendita diretta o per il compimento di ricerche di mercato o di comunicazione commerciale.<\/li>\r\n<\/ol>\r\n<p>&nbsp;<\/p>\r\n<h2>Cookies<\/h2>\r\n<p>Parte di questo sito utilizza i cookie, che sono file di testo che vengono depositati sul suo computer dal Sito per consentirgli di analizzare come gli utenti lo utilizzano per scambiare informazioni tra il server e l\u2019utente. Nessun dato importante viene scambiato tramite cookie.<\/p>\r\n<p>All\u2019interno dei cookie creati da Rogante.net e dai servizi di cui si avvale non vengono memorizzati suoi dati personali che consentano di risalire e\/o conoscere in modo diretto la sua identit\u00e0 e non rappresentano un rischio per la sua privacy o per l\u2019integrit\u00e0 dei sistemi informatici che utilizza per accedere alla rete di comunicazione Internet ovvero al Sito.<\/p>\r\n<p>Nel caso non fosse d\u2019accordo su tale prassi pu\u00f2 disabilitare l\u2019uso dei cookie dal suo browser ma questo potrebbe causare difficolt\u00e0 alla navigazione del Sito. I dati eventualmente raccolti o conservati dai cookie, con le modalit\u00e0 sopra precisate, non vengono trasmessi a terzi, salvo quando ci\u00f2 sia necessario per il corretto funzionamento dei servizi forniti dal Sito e ad esso erogati dai soggetti terzi medesimi.<\/p>\r\n<p>Specifiche informative riguardo l\u2019uso dei cookie sono presenti nella <a href=\"http:\/\/www.cantinamarone.com\/cookie-policy\/\">Cookies Policy<\/a> redatte per specifici servizi offerti dal Sito e sono consultabili al seguente <a href=\"http:\/\/www.cantinamarone.com\/cookie-policy\/\">link<\/a><\/p>\r\n<p>&nbsp;<\/p>\r\n<p><strong>Nota conclusiva<\/strong><\/p>\r\n<p>L\u2019informativa si ispira anche alla Raccomandazione n. 2\/2001 che le autorit\u00e0 europee per la protezione dei dati personali, riunite nel Gruppo istituito dall\u2019art. 29 della direttiva n. 95\/46\/CE, hanno adottato il 17 maggio 2001 per individuare alcuni requisiti minimi per la raccolta di dati personali on-line e, in particolare, le modalit\u00e0, i tempi e la natura delle informazioni che i titolari del trattamento devono fornire agli utenti quando questi si collegano a pagine web, indipendentemente dagli scopi del collegamento.<\/p>\r\n<p>La presente informativa privacy \u00e8 redatta in adempimento degli obblighi previsti dall\u2019Art. 10 della Direttiva n. 95\/46\/CE, nonch\u00e9 a quanto previsto dalla Direttiva 2002\/58\/CE, come aggiornata dalla Direttiva 2009\/136\/CE, in materia di Cookie.<\/p>\r\n<p>[\/vc_column_text][\/vc_column][\/vc_row]<\/p><\/div>","protected":false},"excerpt":{"rendered":"<p>[vc_row][vc_column][vc_column_text text_larger=&#8221;no&#8221;] Ai sensi dell\u2019art. 13 del D. Lgs. n. 196\/2003 \u2013 \u201cCodice in materia di protezione dei dati personali\u201d<\/p>\n","protected":false},"author":1,"featured_media":0,"parent":0,"menu_order":0,"comment_status":"closed","ping_status":"open","template":"","meta":{"footnotes":""},"class_list":["post-2851","page","type-page","status-publish","hentry"],"yoast_head":"<!-- This site is optimized with the Yoast SEO plugin v26.2 - https:\/\/yoast.com\/wordpress\/plugins\/seo\/ -->\n<title>Privacy Policy - Rogante<\/title>\n<meta name=\"robots\" content=\"index, follow, max-snippet:-1, max-image-preview:large, max-video-preview:-1\" \/>\n<link rel=\"canonical\" href=\"http:\/\/www.rogante.net\/en\/privacy-policy\/\" \/>\n<meta property=\"og:locale\" content=\"en_US\" \/>\n<meta property=\"og:type\" content=\"article\" \/>\n<meta property=\"og:title\" content=\"Privacy Policy - Rogante\" \/>\n<meta property=\"og:description\" content=\"[vc_row][vc_column][vc_column_text text_larger=&#8221;no&#8221;] Ai sensi dell\u2019art. 13 del D. Lgs. n. 196\/2003 \u2013 \u201cCodice in materia di protezione dei dati personali\u201d\" \/>\n<meta property=\"og:url\" content=\"http:\/\/www.rogante.net\/en\/privacy-policy\/\" \/>\n<meta property=\"og:site_name\" content=\"Rogante\" \/>\n<meta property=\"article:modified_time\" content=\"2020-10-28T01:56:13+00:00\" \/>\n<meta name=\"twitter:card\" content=\"summary_large_image\" \/>\n<meta name=\"twitter:label1\" content=\"Est. reading time\" \/>\n\t<meta name=\"twitter:data1\" content=\"10 minutes\" \/>\n<script type=\"application\/ld+json\" class=\"yoast-schema-graph\">{\"@context\":\"https:\/\/schema.org\",\"@graph\":[{\"@type\":\"WebPage\",\"@id\":\"http:\/\/www.rogante.net\/en\/privacy-policy\/\",\"url\":\"http:\/\/www.rogante.net\/en\/privacy-policy\/\",\"name\":\"Privacy Policy - Rogante\",\"isPartOf\":{\"@id\":\"https:\/\/www.rogante.net\/en\/#website\"},\"datePublished\":\"2020-09-12T21:52:53+00:00\",\"dateModified\":\"2020-10-28T01:56:13+00:00\",\"breadcrumb\":{\"@id\":\"http:\/\/www.rogante.net\/en\/privacy-policy\/#breadcrumb\"},\"inLanguage\":\"en-US\",\"potentialAction\":[{\"@type\":\"ReadAction\",\"target\":[\"http:\/\/www.rogante.net\/en\/privacy-policy\/\"]}]},{\"@type\":\"BreadcrumbList\",\"@id\":\"http:\/\/www.rogante.net\/en\/privacy-policy\/#breadcrumb\",\"itemListElement\":[{\"@type\":\"ListItem\",\"position\":1,\"name\":\"Home\",\"item\":\"https:\/\/www.rogante.net\/en\/\"},{\"@type\":\"ListItem\",\"position\":2,\"name\":\"Privacy Policy\"}]},{\"@type\":\"WebSite\",\"@id\":\"https:\/\/www.rogante.net\/en\/#website\",\"url\":\"https:\/\/www.rogante.net\/en\/\",\"name\":\"Rogante\",\"description\":\"Premium Sparkling Fruits\",\"potentialAction\":[{\"@type\":\"SearchAction\",\"target\":{\"@type\":\"EntryPoint\",\"urlTemplate\":\"https:\/\/www.rogante.net\/en\/?s={search_term_string}\"},\"query-input\":{\"@type\":\"PropertyValueSpecification\",\"valueRequired\":true,\"valueName\":\"search_term_string\"}}],\"inLanguage\":\"en-US\"}]}<\/script>\n<!-- \/ Yoast SEO plugin. -->","yoast_head_json":{"title":"Privacy Policy - Rogante","robots":{"index":"index","follow":"follow","max-snippet":"max-snippet:-1","max-image-preview":"max-image-preview:large","max-video-preview":"max-video-preview:-1"},"canonical":"http:\/\/www.rogante.net\/en\/privacy-policy\/","og_locale":"en_US","og_type":"article","og_title":"Privacy Policy - Rogante","og_description":"[vc_row][vc_column][vc_column_text text_larger=&#8221;no&#8221;] Ai sensi dell\u2019art. 13 del D. Lgs. n. 196\/2003 \u2013 \u201cCodice in materia di protezione dei dati personali\u201d","og_url":"http:\/\/www.rogante.net\/en\/privacy-policy\/","og_site_name":"Rogante","article_modified_time":"2020-10-28T01:56:13+00:00","twitter_card":"summary_large_image","twitter_misc":{"Est. reading time":"10 minutes"},"schema":{"@context":"https:\/\/schema.org","@graph":[{"@type":"WebPage","@id":"http:\/\/www.rogante.net\/en\/privacy-policy\/","url":"http:\/\/www.rogante.net\/en\/privacy-policy\/","name":"Privacy Policy - Rogante","isPartOf":{"@id":"https:\/\/www.rogante.net\/en\/#website"},"datePublished":"2020-09-12T21:52:53+00:00","dateModified":"2020-10-28T01:56:13+00:00","breadcrumb":{"@id":"http:\/\/www.rogante.net\/en\/privacy-policy\/#breadcrumb"},"inLanguage":"en-US","potentialAction":[{"@type":"ReadAction","target":["http:\/\/www.rogante.net\/en\/privacy-policy\/"]}]},{"@type":"BreadcrumbList","@id":"http:\/\/www.rogante.net\/en\/privacy-policy\/#breadcrumb","itemListElement":[{"@type":"ListItem","position":1,"name":"Home","item":"https:\/\/www.rogante.net\/en\/"},{"@type":"ListItem","position":2,"name":"Privacy Policy"}]},{"@type":"WebSite","@id":"https:\/\/www.rogante.net\/en\/#website","url":"https:\/\/www.rogante.net\/en\/","name":"Rogante","description":"Premium Sparkling Fruits","potentialAction":[{"@type":"SearchAction","target":{"@type":"EntryPoint","urlTemplate":"https:\/\/www.rogante.net\/en\/?s={search_term_string}"},"query-input":{"@type":"PropertyValueSpecification","valueRequired":true,"valueName":"search_term_string"}}],"inLanguage":"en-US"}]}},"_links":{"self":[{"href":"http:\/\/www.rogante.net\/en\/wp-json\/wp\/v2\/pages\/2851","targetHints":{"allow":["GET"]}}],"collection":[{"href":"http:\/\/www.rogante.net\/en\/wp-json\/wp\/v2\/pages"}],"about":[{"href":"http:\/\/www.rogante.net\/en\/wp-json\/wp\/v2\/types\/page"}],"author":[{"embeddable":true,"href":"http:\/\/www.rogante.net\/en\/wp-json\/wp\/v2\/users\/1"}],"replies":[{"embeddable":true,"href":"http:\/\/www.rogante.net\/en\/wp-json\/wp\/v2\/comments?post=2851"}],"version-history":[{"count":0,"href":"http:\/\/www.rogante.net\/en\/wp-json\/wp\/v2\/pages\/2851\/revisions"}],"wp:attachment":[{"href":"http:\/\/www.rogante.net\/en\/wp-json\/wp\/v2\/media?parent=2851"}],"curies":[{"name":"wp","href":"https:\/\/api.w.org\/{rel}","templated":true}]}}