{"id":2623,"date":"2017-06-27T06:32:31","date_gmt":"2017-06-27T06:32:31","guid":{"rendered":"https:\/\/www.rogante.net\/contatti\/"},"modified":"2024-03-04T09:40:21","modified_gmt":"2024-03-04T08:40:21","slug":"contacts","status":"publish","type":"page","link":"http:\/\/www.rogante.net\/en\/contacts\/","title":{"rendered":"Contacts"},"content":{"rendered":"<div class=\"wpb-content-wrapper\"><p>[vc_row css=&#8221;.vc_custom_1484587700785{margin-bottom: 0px !important;}&#8221;][vc_column width=&#8221;1\/3&#8243; css=&#8221;.vc_custom_1601395757564{margin-bottom: 35px !important;padding-top: 10px !important;}&#8221; mobile_bg_img_hidden=&#8221;no&#8221; tablet_bg_img_hidden=&#8221;no&#8221; woodmart_parallax=&#8221;0&#8243; woodmart_sticky_column=&#8221;false&#8221; parallax_scroll=&#8221;no&#8221; mobile_reset_margin=&#8221;no&#8221; tablet_reset_margin=&#8221;no&#8221;][vc_column_text css=&#8221;.vc_custom_1709540116302{margin-bottom: 15px !important;border-bottom-width: 1px !important;padding-bottom: 17px !important;border-bottom-color: rgba(155,155,155,0.3) !important;border-bottom-style: none !important;}&#8221; text_larger=&#8221;no&#8221; woodmart_inline=&#8221;no&#8221;]<\/p>\n<h4><strong>Il Rogante Srl<\/strong><\/h4>\n<h5><span style=\"color: #000000;\">Via Menar\u00e8, 105<\/span><br \/>\n<span style=\"color: #000000;\">31015 \u2013 Conegliano (TV) \u2013 Italia<\/span><\/h5>\n<h5><span style=\"color: #000000;\">Cod. Fisc. \/ P. Iva: 04642460267<\/span><\/h5>\n<h5><span style=\"color: #000000;\">Copyright 2024 \u00a9 Rogante.net<\/span><\/h5>\n<p>[\/vc_column_text][vc_single_image image=&#8221;2624&#8243; img_size=&#8221;full&#8221; parallax_scroll=&#8221;no&#8221; css=&#8221;.vc_custom_1603723778096{margin-top: 20px !important;}&#8221;][\/vc_column][vc_column width=&#8221;2\/3&#8243; mobile_bg_img_hidden=&#8221;no&#8221; tablet_bg_img_hidden=&#8221;no&#8221; woodmart_parallax=&#8221;0&#8243; woodmart_sticky_column=&#8221;false&#8221; parallax_scroll=&#8221;no&#8221; mobile_reset_margin=&#8221;no&#8221; tablet_reset_margin=&#8221;no&#8221;]<script type=\"text\/javascript\">var gform;gform||(document.addEventListener(\"gform_main_scripts_loaded\",function(){gform.scriptsLoaded=!0}),document.addEventListener(\"gform\/theme\/scripts_loaded\",function(){gform.themeScriptsLoaded=!0}),window.addEventListener(\"DOMContentLoaded\",function(){gform.domLoaded=!0}),gform={domLoaded:!1,scriptsLoaded:!1,themeScriptsLoaded:!1,isFormEditor:()=>\"function\"==typeof InitializeEditor,callIfLoaded:function(o){return!(!gform.domLoaded||!gform.scriptsLoaded||!gform.themeScriptsLoaded&&!gform.isFormEditor()||(gform.isFormEditor()&&console.warn(\"The use of gform.initializeOnLoaded() is deprecated in the form editor context and will be removed in Gravity Forms 3.1.\"),o(),0))},initializeOnLoaded:function(o){gform.callIfLoaded(o)||(document.addEventListener(\"gform_main_scripts_loaded\",()=>{gform.scriptsLoaded=!0,gform.callIfLoaded(o)}),document.addEventListener(\"gform\/theme\/scripts_loaded\",()=>{gform.themeScriptsLoaded=!0,gform.callIfLoaded(o)}),window.addEventListener(\"DOMContentLoaded\",()=>{gform.domLoaded=!0,gform.callIfLoaded(o)}))},hooks:{action:{},filter:{}},addAction:function(o,r,e,t){gform.addHook(\"action\",o,r,e,t)},addFilter:function(o,r,e,t){gform.addHook(\"filter\",o,r,e,t)},doAction:function(o){gform.doHook(\"action\",o,arguments)},applyFilters:function(o){return gform.doHook(\"filter\",o,arguments)},removeAction:function(o,r){gform.removeHook(\"action\",o,r)},removeFilter:function(o,r,e){gform.removeHook(\"filter\",o,r,e)},addHook:function(o,r,e,t,n){null==gform.hooks[o][r]&&(gform.hooks[o][r]=[]);var d=gform.hooks[o][r];null==n&&(n=r+\"_\"+d.length),gform.hooks[o][r].push({tag:n,callable:e,priority:t=null==t?10:t})},doHook:function(r,o,e){var t;if(e=Array.prototype.slice.call(e,1),null!=gform.hooks[r][o]&&((o=gform.hooks[r][o]).sort(function(o,r){return o.priority-r.priority}),o.forEach(function(o){\"function\"!=typeof(t=o.callable)&&(t=window[t]),\"action\"==r?t.apply(null,e):e[0]=t.apply(null,e)})),\"filter\"==r)return e[0]},removeHook:function(o,r,t,n){var e;null!=gform.hooks[o][r]&&(e=(e=gform.hooks[o][r]).filter(function(o,r,e){return!!(null!=n&&n!=o.tag||null!=t&&t!=o.priority)}),gform.hooks[o][r]=e)}});<\/script>\n                <div class='gf_browser_gecko gform_wrapper gform_legacy_markup_wrapper gform-theme--no-framework' data-form-theme='legacy' data-form-index='0' id='gform_wrapper_4' ><form method='post' enctype='multipart\/form-data'  id='gform_4'  action='\/en\/wp-json\/wp\/v2\/pages\/2623' data-formid='4' novalidate>\n                        <div class='gform-body gform_body'><ul id='gform_fields_4' class='gform_fields left_label form_sublabel_below description_below validation_below'><li id=\"field_4_1\" class=\"gfield gfield--type-text gfield_contains_required field_sublabel_below gfield--no-description field_description_below field_validation_below gfield_visibility_visible\"  data-js-reload=\"field_4_1\" ><label class='gfield_label gform-field-label' for='input_4_1'>Nome<span class=\"gfield_required\"><span class=\"gfield_required gfield_required_asterisk\">*<\/span><\/span><\/label><div class='ginput_container ginput_container_text'><input name='input_1' id='input_4_1' type='text' value='' class='large'     aria-required=\"true\" aria-invalid=\"false\"   \/><\/div><\/li><li id=\"field_4_2\" class=\"gfield gfield--type-text gfield_contains_required field_sublabel_below gfield--no-description field_description_below field_validation_below gfield_visibility_visible\"  data-js-reload=\"field_4_2\" ><label class='gfield_label gform-field-label' for='input_4_2'>Cognome<span class=\"gfield_required\"><span class=\"gfield_required gfield_required_asterisk\">*<\/span><\/span><\/label><div class='ginput_container ginput_container_text'><input name='input_2' id='input_4_2' type='text' value='' class='large'     aria-required=\"true\" aria-invalid=\"false\"   \/><\/div><\/li><li id=\"field_4_10\" class=\"gfield gfield--type-email gfield_contains_required field_sublabel_below gfield--no-description field_description_below field_validation_below gfield_visibility_visible\"  data-js-reload=\"field_4_10\" ><label class='gfield_label gform-field-label' for='input_4_10'>E-Mail<span class=\"gfield_required\"><span class=\"gfield_required gfield_required_asterisk\">*<\/span><\/span><\/label><div class='ginput_container ginput_container_email'>\n                            <input name='input_10' id='input_4_10' type='email' value='' class='large'    aria-required=\"true\" aria-invalid=\"false\"  \/>\n                        <\/div><\/li><li id=\"field_4_12\" class=\"gfield gfield--type-phone field_sublabel_below gfield--no-description field_description_below field_validation_below gfield_visibility_visible\"  data-js-reload=\"field_4_12\" ><label class='gfield_label gform-field-label' for='input_4_12'>Telefono<\/label><div class='ginput_container ginput_container_phone'><input name='input_12' id='input_4_12' type='tel' value='' class='large'    aria-invalid=\"false\"   \/><\/div><\/li><li id=\"field_4_6\" class=\"gfield gfield--type-text field_sublabel_below gfield--no-description field_description_below field_validation_below gfield_visibility_visible\"  data-js-reload=\"field_4_6\" ><label class='gfield_label gform-field-label' for='input_4_6'>Azienda<\/label><div class='ginput_container ginput_container_text'><input name='input_6' id='input_4_6' type='text' value='' class='large'      aria-invalid=\"false\"   \/><\/div><\/li><li id=\"field_4_11\" class=\"gfield gfield--type-textarea gfield_contains_required field_sublabel_below gfield--no-description field_description_below field_validation_below gfield_visibility_visible\"  data-js-reload=\"field_4_11\" ><label class='gfield_label gform-field-label' for='input_4_11'>Messaggio<span class=\"gfield_required\"><span class=\"gfield_required gfield_required_asterisk\">*<\/span><\/span><\/label><div class='ginput_container ginput_container_textarea'><textarea name='input_11' id='input_4_11' class='textarea large'     aria-required=\"true\" aria-invalid=\"false\"   rows='10' cols='50'><\/textarea><\/div><\/li><li id=\"field_4_7\" class=\"gfield gfield--type-html testi_informativi gfield_html gfield_html_formatted gfield_no_follows_desc field_sublabel_below gfield--no-description field_description_below field_validation_below gfield_visibility_visible\"  data-js-reload=\"field_4_7\" ><b>INFORMATIVA EX ART.13 d.lgs. 196\/03<\/b><br>\nI dati personali raccolti all'interno della presente pagina web saranno trattati in formato cartaceo ed elettronico per le seguenti finalit\u00e0:\n<br>\n<b>a)<\/b> Per dare esecuzione alla sua richiesta di informazioni;<br>\n<b>b)<\/b> per l\u2019invio di comunicazioni informative e commerciali, anche di natura promozionale (ivi compresa la nostra newsletter), di materiale pubblicitario e\/o di offerte di beni e di servizi, con qualsiasi mezzo (conosciuto o non), ivi compreso, a titolo esemplificativo e non esaustivo, posta, Internet, telefono, E-mail, MMS, SMS.\n<br>\nLa natura del conferimento dei suoi dati per la finalit\u00e0 di cui al punto a) \u00e8 necessaria per poter soddisfare la sua richiesta di informazioni, dove un suo eventuale rifiuto potrebbe pregiudicare tale possibilit\u00e0; mentre per la finalit\u00e0 di cui al punto b) il conferimento dei vs dati \u00e8 facoltativo, dove un diniego non avr\u00e0 alcuna conseguenza in relazione alla finalit\u00e0 di cui al punto a). Tali dati saranno trattati da personale interno, comunicati esclusivamente a soggetti autorizzati, e non saranno oggetto di diffusione. Relativamente ai dati conferiti, potrete esercitare i diritti previsti dall'articolo 7, inviando apposita istanza scritta al Titolare del Trattamento: Il Rogante S.r.l. Via Menar\u00e8, 105 \u2013 31015 \u2013 Conegliano (TV) Italy.\n<\/li><li id=\"field_4_13\" class=\"gfield gfield--type-radio gfield--type-choice consenso gfield_contains_required field_sublabel_below gfield--no-description field_description_below field_validation_below gfield_visibility_visible\"  data-js-reload=\"field_4_13\" ><label class='gfield_label gform-field-label' >CONSENSO INFORMATIVA SULLA PRIVACY<span class=\"gfield_required\"><span class=\"gfield_required gfield_required_asterisk\">*<\/span><\/span><\/label><div class='ginput_container ginput_container_radio'><ul class='gfield_radio' id='input_4_13'>\n\t\t\t<li class='gchoice gchoice_4_13_0'>\n\t\t\t\t<input name='input_13' type='radio' value='Acconsento'  id='choice_4_13_0'    \/>\n\t\t\t\t<label for='choice_4_13_0' id='label_4_13_0' class='gform-field-label gform-field-label--type-inline'>Acconsento<\/label>\n\t\t\t<\/li>\n\t\t\t<li class='gchoice gchoice_4_13_1'>\n\t\t\t\t<input name='input_13' type='radio' value='Non Acconsento'  id='choice_4_13_1'    \/>\n\t\t\t\t<label for='choice_4_13_1' id='label_4_13_1' class='gform-field-label gform-field-label--type-inline'>Non Acconsento<\/label>\n\t\t\t<\/li><\/ul><\/div><\/li><li id=\"field_4_14\" class=\"gfield gfield--type-captcha field_sublabel_below gfield--no-description field_description_below field_validation_below gfield_visibility_visible\"  data-js-reload=\"field_4_14\" ><label class='gfield_label gform-field-label' for='input_4_14'>Controllo Sicurezza<\/label><div id='input_4_14' class='ginput_container ginput_recaptcha' data-sitekey='6LeQOtwZAAAAAOr99pOUZPTwo39goCCBCp8j3ByF'  data-theme='light' data-tabindex='0'  data-badge=''><\/div><\/li><\/ul><\/div>\n        <div class='gform-footer gform_footer left_label'> <input type='submit' id='gform_submit_button_4' class='gform_button button' onclick='gform.submission.handleButtonClick(this)' value='Send'  \/> \n            <input type='hidden' class='gform_hidden' name='gform_submission_method' data-js='gform_submission_method_4' value='postback' \/>\n            <input type='hidden' class='gform_hidden' name='is_submit_4' value='1' \/>\n            <input type='hidden' class='gform_hidden' name='gform_submit' value='4' \/>\n            \n            <input type='hidden' class='gform_hidden' name='gform_unique_id' value='' \/>\n            <input type='hidden' class='gform_hidden' name='state_4' value='WyJbXSIsIjlkMzEzZWM0NTJmYjUyYzQ5YjdmZWRiYzU3YTQ0M2I4Il0=' \/>\n            <input type='hidden' autocomplete='off' class='gform_hidden' name='gform_target_page_number_4' id='gform_target_page_number_4' value='0' \/>\n            <input type='hidden' autocomplete='off' class='gform_hidden' name='gform_source_page_number_4' id='gform_source_page_number_4' value='1' \/>\n            <input type='hidden' name='gform_field_values' value='' \/>\n            \n        <\/div>\n                        <\/form>\n                        <\/div><script type=\"text\/javascript\">\n\/* <![CDATA[ *\/\n gform.initializeOnLoaded( function() {gformInitSpinner( 4, 'http:\/\/www.rogante.net\/wp-content\/plugins\/gravityforms\/images\/spinner.svg', true );jQuery('#gform_ajax_frame_4').on('load',function(){var contents = jQuery(this).contents().find('*').html();var is_postback = contents.indexOf('GF_AJAX_POSTBACK') >= 0;if(!is_postback){return;}var form_content = jQuery(this).contents().find('#gform_wrapper_4');var is_confirmation = jQuery(this).contents().find('#gform_confirmation_wrapper_4').length > 0;var is_redirect = contents.indexOf('gformRedirect(){') >= 0;var is_form = form_content.length > 0 && ! is_redirect && ! is_confirmation;var mt = parseInt(jQuery('html').css('margin-top'), 10) + parseInt(jQuery('body').css('margin-top'), 10) + 100;if(is_form){jQuery('#gform_wrapper_4').html(form_content.html());if(form_content.hasClass('gform_validation_error')){jQuery('#gform_wrapper_4').addClass('gform_validation_error');} else {jQuery('#gform_wrapper_4').removeClass('gform_validation_error');}setTimeout( function() { \/* delay the scroll by 50 milliseconds to fix a bug in chrome *\/  }, 50 );if(window['gformInitDatepicker']) {gformInitDatepicker();}if(window['gformInitPriceFields']) {gformInitPriceFields();}var current_page = jQuery('#gform_source_page_number_4').val();gformInitSpinner( 4, 'http:\/\/www.rogante.net\/wp-content\/plugins\/gravityforms\/images\/spinner.svg', true );jQuery(document).trigger('gform_page_loaded', [4, current_page]);window['gf_submitting_4'] = false;}else if(!is_redirect){var confirmation_content = jQuery(this).contents().find('.GF_AJAX_POSTBACK').html();if(!confirmation_content){confirmation_content = contents;}jQuery('#gform_wrapper_4').replaceWith(confirmation_content);jQuery(document).trigger('gform_confirmation_loaded', [4]);window['gf_submitting_4'] = false;wp.a11y.speak(jQuery('#gform_confirmation_message_4').text());}else{jQuery('#gform_4').append(contents);if(window['gformRedirect']) {gformRedirect();}}jQuery(document).trigger(\"gform_pre_post_render\", [{ formId: \"4\", currentPage: \"current_page\", abort: function() { this.preventDefault(); } }]);                if (event && event.defaultPrevented) {                return;         }        const gformWrapperDiv = document.getElementById( \"gform_wrapper_4\" );        if ( gformWrapperDiv ) {            const visibilitySpan = document.createElement( \"span\" );            visibilitySpan.id = \"gform_visibility_test_4\";            gformWrapperDiv.insertAdjacentElement( \"afterend\", visibilitySpan );        }        const visibilityTestDiv = document.getElementById( \"gform_visibility_test_4\" );        let postRenderFired = false;                function triggerPostRender() {            if ( postRenderFired ) {                return;            }            postRenderFired = true;            jQuery( document ).trigger( 'gform_post_render', [4, current_page] );            gform.utils.trigger( { event: 'gform\/postRender', native: false, data: { formId: 4, currentPage: current_page } } );            gform.utils.trigger( { event: 'gform\/post_render', native: false, data: { formId: 4, currentPage: current_page } } );            if ( visibilityTestDiv ) {                visibilityTestDiv.parentNode.removeChild( visibilityTestDiv );            }        }        function debounce( func, wait, immediate ) {            var timeout;            return function() {                var context = this, args = arguments;                var later = function() {                    timeout = null;                    if ( !immediate ) func.apply( context, args );                };                var callNow = immediate && !timeout;                clearTimeout( timeout );                timeout = setTimeout( later, wait );                if ( callNow ) func.apply( context, args );            };        }        const debouncedTriggerPostRender = debounce( function() {            triggerPostRender();        }, 200 );        if ( visibilityTestDiv && visibilityTestDiv.offsetParent === null ) {            const observer = new MutationObserver( ( mutations ) => {                mutations.forEach( ( mutation ) => {                    if ( mutation.type === 'attributes' && visibilityTestDiv.offsetParent !== null ) {                        debouncedTriggerPostRender();                        observer.disconnect();                    }                });            });            observer.observe( document.body, {                attributes: true,                childList: false,                subtree: true,                attributeFilter: [ 'style', 'class' ],            });        } else {            triggerPostRender();        }    } );} ); \n\/* ]]> *\/\n<\/script>\n[\/vc_column][\/vc_row]<\/p>\n<\/div>","protected":false},"excerpt":{"rendered":"<p>[vc_row css=&#8221;.vc_custom_1484587700785{margin-bottom: 0px !important;}&#8221;][vc_column width=&#8221;1\/3&#8243; css=&#8221;.vc_custom_1601395757564{margin-bottom: 35px !important;padding-top: 10px !important;}&#8221; mobile_bg_img_hidden=&#8221;no&#8221; tablet_bg_img_hidden=&#8221;no&#8221; woodmart_parallax=&#8221;0&#8243; woodmart_sticky_column=&#8221;false&#8221; parallax_scroll=&#8221;no&#8221; mobile_reset_margin=&#8221;no&#8221; tablet_reset_margin=&#8221;no&#8221;][vc_column_text css=&#8221;.vc_custom_1709540116302{margin-bottom: 15px !important;border-bottom-width:<\/p>\n","protected":false},"author":1,"featured_media":0,"parent":0,"menu_order":0,"comment_status":"closed","ping_status":"closed","template":"","meta":{"footnotes":""},"class_list":["post-2623","page","type-page","status-publish","hentry"],"yoast_head":"<!-- This site is optimized with the Yoast SEO plugin v26.2 - https:\/\/yoast.com\/wordpress\/plugins\/seo\/ -->\n<title>Contacts - Rogante<\/title>\n<meta name=\"robots\" content=\"index, follow, max-snippet:-1, max-image-preview:large, max-video-preview:-1\" \/>\n<link rel=\"canonical\" href=\"http:\/\/www.rogante.net\/en\/contacts\/\" \/>\n<meta property=\"og:locale\" content=\"en_US\" \/>\n<meta property=\"og:type\" content=\"article\" \/>\n<meta property=\"og:title\" content=\"Contacts - Rogante\" \/>\n<meta property=\"og:description\" content=\"[vc_row css=&#8221;.vc_custom_1484587700785{margin-bottom: 0px !important;}&#8221;][vc_column width=&#8221;1\/3&#8243; css=&#8221;.vc_custom_1601395757564{margin-bottom: 35px !important;padding-top: 10px !important;}&#8221; mobile_bg_img_hidden=&#8221;no&#8221; tablet_bg_img_hidden=&#8221;no&#8221; woodmart_parallax=&#8221;0&#8243; woodmart_sticky_column=&#8221;false&#8221; parallax_scroll=&#8221;no&#8221; mobile_reset_margin=&#8221;no&#8221; tablet_reset_margin=&#8221;no&#8221;][vc_column_text css=&#8221;.vc_custom_1709540116302{margin-bottom: 15px !important;border-bottom-width:\" \/>\n<meta property=\"og:url\" content=\"http:\/\/www.rogante.net\/en\/contacts\/\" \/>\n<meta property=\"og:site_name\" content=\"Rogante\" \/>\n<meta property=\"article:modified_time\" content=\"2024-03-04T08:40:21+00:00\" \/>\n<meta name=\"twitter:card\" content=\"summary_large_image\" \/>\n<meta name=\"twitter:label1\" content=\"Est. reading time\" \/>\n\t<meta name=\"twitter:data1\" content=\"1 minute\" \/>\n<script type=\"application\/ld+json\" class=\"yoast-schema-graph\">{\"@context\":\"https:\/\/schema.org\",\"@graph\":[{\"@type\":\"WebPage\",\"@id\":\"http:\/\/www.rogante.net\/en\/contacts\/\",\"url\":\"http:\/\/www.rogante.net\/en\/contacts\/\",\"name\":\"Contacts - Rogante\",\"isPartOf\":{\"@id\":\"https:\/\/www.rogante.net\/en\/#website\"},\"datePublished\":\"2017-06-27T06:32:31+00:00\",\"dateModified\":\"2024-03-04T08:40:21+00:00\",\"breadcrumb\":{\"@id\":\"http:\/\/www.rogante.net\/en\/contacts\/#breadcrumb\"},\"inLanguage\":\"en-US\",\"potentialAction\":[{\"@type\":\"ReadAction\",\"target\":[\"http:\/\/www.rogante.net\/en\/contacts\/\"]}]},{\"@type\":\"BreadcrumbList\",\"@id\":\"http:\/\/www.rogante.net\/en\/contacts\/#breadcrumb\",\"itemListElement\":[{\"@type\":\"ListItem\",\"position\":1,\"name\":\"Home\",\"item\":\"https:\/\/www.rogante.net\/en\/\"},{\"@type\":\"ListItem\",\"position\":2,\"name\":\"Contacts\"}]},{\"@type\":\"WebSite\",\"@id\":\"https:\/\/www.rogante.net\/en\/#website\",\"url\":\"https:\/\/www.rogante.net\/en\/\",\"name\":\"Rogante\",\"description\":\"Premium Sparkling Fruits\",\"potentialAction\":[{\"@type\":\"SearchAction\",\"target\":{\"@type\":\"EntryPoint\",\"urlTemplate\":\"https:\/\/www.rogante.net\/en\/?s={search_term_string}\"},\"query-input\":{\"@type\":\"PropertyValueSpecification\",\"valueRequired\":true,\"valueName\":\"search_term_string\"}}],\"inLanguage\":\"en-US\"}]}<\/script>\n<!-- \/ Yoast SEO plugin. -->","yoast_head_json":{"title":"Contacts - Rogante","robots":{"index":"index","follow":"follow","max-snippet":"max-snippet:-1","max-image-preview":"max-image-preview:large","max-video-preview":"max-video-preview:-1"},"canonical":"http:\/\/www.rogante.net\/en\/contacts\/","og_locale":"en_US","og_type":"article","og_title":"Contacts - Rogante","og_description":"[vc_row css=&#8221;.vc_custom_1484587700785{margin-bottom: 0px !important;}&#8221;][vc_column width=&#8221;1\/3&#8243; css=&#8221;.vc_custom_1601395757564{margin-bottom: 35px !important;padding-top: 10px !important;}&#8221; mobile_bg_img_hidden=&#8221;no&#8221; tablet_bg_img_hidden=&#8221;no&#8221; woodmart_parallax=&#8221;0&#8243; woodmart_sticky_column=&#8221;false&#8221; parallax_scroll=&#8221;no&#8221; mobile_reset_margin=&#8221;no&#8221; tablet_reset_margin=&#8221;no&#8221;][vc_column_text css=&#8221;.vc_custom_1709540116302{margin-bottom: 15px !important;border-bottom-width:","og_url":"http:\/\/www.rogante.net\/en\/contacts\/","og_site_name":"Rogante","article_modified_time":"2024-03-04T08:40:21+00:00","twitter_card":"summary_large_image","twitter_misc":{"Est. reading time":"1 minute"},"schema":{"@context":"https:\/\/schema.org","@graph":[{"@type":"WebPage","@id":"http:\/\/www.rogante.net\/en\/contacts\/","url":"http:\/\/www.rogante.net\/en\/contacts\/","name":"Contacts - Rogante","isPartOf":{"@id":"https:\/\/www.rogante.net\/en\/#website"},"datePublished":"2017-06-27T06:32:31+00:00","dateModified":"2024-03-04T08:40:21+00:00","breadcrumb":{"@id":"http:\/\/www.rogante.net\/en\/contacts\/#breadcrumb"},"inLanguage":"en-US","potentialAction":[{"@type":"ReadAction","target":["http:\/\/www.rogante.net\/en\/contacts\/"]}]},{"@type":"BreadcrumbList","@id":"http:\/\/www.rogante.net\/en\/contacts\/#breadcrumb","itemListElement":[{"@type":"ListItem","position":1,"name":"Home","item":"https:\/\/www.rogante.net\/en\/"},{"@type":"ListItem","position":2,"name":"Contacts"}]},{"@type":"WebSite","@id":"https:\/\/www.rogante.net\/en\/#website","url":"https:\/\/www.rogante.net\/en\/","name":"Rogante","description":"Premium Sparkling Fruits","potentialAction":[{"@type":"SearchAction","target":{"@type":"EntryPoint","urlTemplate":"https:\/\/www.rogante.net\/en\/?s={search_term_string}"},"query-input":{"@type":"PropertyValueSpecification","valueRequired":true,"valueName":"search_term_string"}}],"inLanguage":"en-US"}]}},"_links":{"self":[{"href":"http:\/\/www.rogante.net\/en\/wp-json\/wp\/v2\/pages\/2623","targetHints":{"allow":["GET"]}}],"collection":[{"href":"http:\/\/www.rogante.net\/en\/wp-json\/wp\/v2\/pages"}],"about":[{"href":"http:\/\/www.rogante.net\/en\/wp-json\/wp\/v2\/types\/page"}],"author":[{"embeddable":true,"href":"http:\/\/www.rogante.net\/en\/wp-json\/wp\/v2\/users\/1"}],"replies":[{"embeddable":true,"href":"http:\/\/www.rogante.net\/en\/wp-json\/wp\/v2\/comments?post=2623"}],"version-history":[{"count":4,"href":"http:\/\/www.rogante.net\/en\/wp-json\/wp\/v2\/pages\/2623\/revisions"}],"predecessor-version":[{"id":52255,"href":"http:\/\/www.rogante.net\/en\/wp-json\/wp\/v2\/pages\/2623\/revisions\/52255"}],"wp:attachment":[{"href":"http:\/\/www.rogante.net\/en\/wp-json\/wp\/v2\/media?parent=2623"}],"curies":[{"name":"wp","href":"https:\/\/api.w.org\/{rel}","templated":true}]}}