{"id":2863,"date":"2020-10-28T02:36:13","date_gmt":"2020-10-28T01:36:13","guid":{"rendered":"https:\/\/www.rogante.net\/termini-e-condizioni\/"},"modified":"2020-11-03T11:45:30","modified_gmt":"2020-11-03T10:45:30","slug":"allgemeine-geschaeftsbedingungen","status":"publish","type":"page","link":"http:\/\/www.rogante.net\/de\/allgemeine-geschaeftsbedingungen\/","title":{"rendered":"Allgemeine Gesch\u00e4ftsbedingungen"},"content":{"rendered":"<div class=\"wpb-content-wrapper\"><p>[vc_row][vc_column][vc_column_text text_larger=&#8220;no&#8220;]<\/p>\r\n<p><strong>Verkaufsbedingungen<\/strong><\/p>\r\n<p><strong>(gem\u00e4\u00df Kapitel I, Titel 3, Teil 3 des Gesetzesdekrets 206\/2005 und nachfolgenden \u00c4nderungen und Erg\u00e4nzungen)<\/strong><\/p>\r\n<p>&nbsp;<\/p>\r\n<p><strong>1. Einf\u00fchrung und Wirksamkeit der Allgemeinen Gesch\u00e4ftsbedingungen<\/strong><\/p>\r\n<p>Die folgenden Allgemeinen Gesch\u00e4ftsbedingungen (im Folgenden mit G<strong>esch\u00e4ftsbedingungen abgek\u00fcrzt<\/strong>) betreffen den Erwerb von Produkten und Dienstleistungen, im Fernverfahren durchgef\u00fchrt und verf\u00fcgbar gemacht via Internet auf der Webseite <u><a href=\"https:\/\/www.rogante.net\">https:\/\/www.rogante.net<\/a><\/u> (im Folgenden <strong>Webseite genannt<\/strong>), in \u00dcbereinstimmung mit den italienischen Rechtsvorschriften wie im Gesetzesdekret 206\/2005 und in nachtr\u00e4glichen \u00c4nderungen und Erg\u00e4nzungen erkl\u00e4rt (im Folgenden Verbraucher-Kodex abgek\u00fcrzt).<\/p>\r\n<p>Der Verk\u00e4ufer der Produkte und Eigent\u00fcmer der Seite ist die Rogante srl mit Sitz in der Via Menar\u00e8, 107 \u2013 31015 Conegliano (TV) \u2013 Steuer ID. und MwSt. ID.: 00612480202 \u2013 Email: info@rogante.net (im Folgenden, &#8222;Rogante srl&#8220;).<\/p>\r\n<p>Der Konsument, der die Webseite aufruft, um einen Einkauf durchzuf\u00fchren (im Folgenden der <strong>Klient<\/strong>) ist dazu angehalten, vor dem Absenden der Bestellung, sorgf\u00e4ltig die Gesch\u00e4ftsbedingungen zu lesen, die auf der Webseite verf\u00fcgbar sind und zu jeder Zeit vom Klienten mittels des Links gelesen werden k\u00f6nnen, den er im Best\u00e4tigungsemail findet, das ihm mit jeder Bestellung zur Vervielf\u00e4ltigung und Speicherung zugesendet wird. Sollte die Person, die einen Einkauf auf der Webseite t\u00e4tigt, eine Rechnung ben\u00f6tigen und\/oder kein \u201eKonsument oder angemeldeter Verbraucher\u201c sein, wie in Art. 3 Komma 1, Punkt a) des Verbraucher-Kodex definiert, findet der R\u00fccktrittsrahmen wie in Art. 7 und 8 der Gesch\u00e4ftsbedingungen keine Anwendung und auch nicht, allgemeiner gesagt, die Vorhersagen, die in \u00dcbereinstimmung mit demselben Verhaltens-Kodex ausschlie\u00dflich \u201eKonsumenten\u201c vorbehalten bleibt.<\/p>\r\n<p>Die mit der Rogante srl mittels der Webseite abgeschlossenen Vertr\u00e4ge sind durch diese Gesch\u00e4ftsbedingungen in \u00dcbereinstimmung mit der italienischen Rechtsprechung reguliert. Die f\u00fcr den Vertragsabschluss verwendete Sprache ist Italienisch.<\/p>\r\n<p>&nbsp;<\/p>\r\n<p><strong>2. Produkte ausw\u00e4hlen und bestellen<\/strong><\/p>\r\n<p>Die Spezifikationen und der Preis der unterschiedlichen zum Verkauf stehenden Produkte (im Folgenden mit <strong>Produkte abgek\u00fcrzt<\/strong>) auf der Webseite werden auf der Subseite des jeweiligen Produkts angezeigt.<\/p>\r\n<p>Um ein Produkt zu bestellen, muss der Klient ein elektronisches Bestellformular ausf\u00fcllen und abschicken und dabei den Instruktionen auf der Webseite folgen. Der Klient muss das Produkt in den \u201eWarenkorb\u201c legen und, nachdem er die Gesch\u00e4ftsbedingungen und die Datenschutzerkl\u00e4rung gelesen und akzeptiert hat, seine Versanddaten und Rechnungsdaten eingeben, seine bevorzugten Zahlungsmethoden ausw\u00e4hlen und seine Bestellung best\u00e4tigen.<\/p>\r\n<p>Mit der Absendung der Bestellung von der Webseite, welche dem Status eines Vertragsangebots entspricht , best\u00e4tigt und erkl\u00e4rt der Klient, dass er alle Informationen, die ihm w\u00e4hrend des Verkaufsvorgangs zur Verf\u00fcgung gestellt wurden, gelesen und die Gesch\u00e4ftsbedingungen und Zahlungsbedingungen akzeptiert hat.<\/p>\r\n<p>Der zwischen der Rogante srl und dem Klienten vereinbarte Vertrag wird mit der Annahme der Bestellung durch die Rogante srl abgeschlossen. Die Annahme der Bestellung wird mittels Email an den Klienten kommuniziert und best\u00e4tigt die selbige Bestellung, die einen Hinweis auf die Gesch\u00e4ftsbedingungen, die Bestellnummer, die Versand- und Rechnungsdetails, die Liste der bestellten Produkte mit ihren wesentliche Charakteristika und den Endpreis, einschlie\u00dflich der Versandkosten enth\u00e4lt. Sobald der Vertrag abgeschlossen ist, wird die Rogante srl die Verkaufsbestellung \u00fcbernehmen und der K\u00e4ufer wird, indem er sein Profil aufruft und den daf\u00fcr vorgesehene Bereich konsultiert, in der Lage sein, die erteilte Bestellung einzusehen.<\/p>\r\n<p>Nach dem Erhalt der Bestellung wird die Rogante srl ihre Lagerbest\u00e4nde pr\u00fcfen, um die Bestellung abzuschie\u00dfen. Sollten gewisse Produkte nicht vorhanden sein, wird der Kundendienst der Rogante srl sofort ein Email an den Klienten senden. Der Klient hat binnen 12 Stunden die M\u00f6glichkeit zu antworten, um den Versand von jedem verf\u00fcgbaren Produkt entweder zu best\u00e4tigen oder aber die Bestellung zu stornieren. Sollte es der Klient verabs\u00e4umen innerhalb des vorgegebenen Zeitraums zu antworten, wird die Bestellung als best\u00e4tigt betrachtet und die verf\u00fcgbaren Produkte werden versandt. In diesem Falle werden die kompletten Kosten der nicht verf\u00fcgbaren Produkte abgezogen, oder der Kunde wird, abh\u00e4ngig von der ausgew\u00e4hlten Zahlungsmethode, nicht belastet.<\/p>\r\n<p>&nbsp;<\/p>\r\n<p><strong>3. Informationen zu den Produkten<\/strong><\/p>\r\n<p>Informationen zu den Produkten und zu ihren Charakteristika finden sich auf der Webseite.<\/p>\r\n<p>Die visuellen Darstellungen der Produkte auf der Webseite, sofern vorhanden, korrespondieren normalerweise mit der fotografischen Aufnahme, die gemeinsam mit der Produktbeschreibung zur Verf\u00fcgung gestellt wird. Es wird als verstanden vorausgesetzt, dass die Bilder der Produkte selbst, einzig f\u00fcr den Verkaufszweck konzipiert sind und nicht exakt ihre spezifischen Charakteristika und Eigenschaften repr\u00e4sentieren, m\u00f6glicherweise in Farbe und Gr\u00f6\u00dfe abweichen. Im Falle eines Unterschieds zwischen Bild und geschriebenem Produktblatt, ist das Produktblatt als g\u00fcltig zu betrachten.<\/p>\r\n<p>&nbsp;<\/p>\r\n<p><strong>4. Preise und Versand<\/strong><\/p>\r\n<p>Die Preise unserer Schaumweine im Online-Shop sind in Euro angegeben und enthalten alle die gesetzliche Mehrwertsteuer. Alle Preise.<\/p>\r\n<p><strong>Versand nach Italien<\/strong><\/p>\r\n<p>In ganz Italien ist der Versand f\u00fcr alle Rogante-Produkte ab 26 \u20ac kostenlos.<\/p>\r\n<p>Wenn jedoch Aktionscodes verwendet werden, ist der Versand mit einem Warenkorb \u00fcber 69 \u20ac kostenlos.<\/p>\r\n<p>Die Versandkosten betragen gegebenenfalls:<br \/><strong>Bartolini<\/strong>: 5,90 \u20ac<br \/><strong>Nationale DHL<\/strong>: 16,90 \u20ac<\/p>\r\n<p>Werbeaktionen mit kostenlosem Versand sind in den Bedingungen der Produktseite und allen Karten oder Kombinationen davon gekennzeichnet.<\/p>\r\n<p>Im Falle der Verwendung von Werbegutscheinen ist Rogante srl in keiner Weise verpflichtet, nach deren Verwendung verbleibende Gutschriften oder Geldbetr\u00e4ge zu erstatten.<\/p>\r\n<p><strong>Sendungen ins Ausland<\/strong><\/p>\r\n<p>Die Versandkosten betragen gegebenenfalls:<br \/><strong>Bartolini<\/strong>: 9,90 \u20ac<br \/><strong>DHL International<\/strong>: 19,90 \u20ac<\/p>\r\n<p>&nbsp;<\/p>\r\n<p><strong>5. Zahlungsmethoden und Fakturierung<\/strong><\/p>\r\n<p><strong>5.1 Zahlungsmethoden<\/strong><\/p>\r\n<p>The Customer can pay the price of the Products by PayPal and Credit Card, Cash on Delivery (only in Italy and with an additional fee of \u20ac 4.90) and SOFORT Direct Bank Transfer via Stripe.<\/p>\r\n<p><strong>Kreditkarte<\/strong><\/p>\r\n<p>Akzeptierte Kreditkarten f\u00fcr den Einkauf auf <a href=\"https:\/\/www.rogante.net\/\">https:\/\/www.rogante.net<\/a> sind:<\/p>\r\n<p>Visa \/ Visa Electron, Mastercard \/ Maestro, American Express, Aura, Discover<\/p>\r\n<p>Die Webseite archiviert die Kreditkartennummer des Klienten nicht. Bei der Bezahlung mit Kreditkarte fallen keine zus\u00e4tzlichen Geb\u00fchren an.<\/p>\r\n<p><strong>Paypal<\/strong><\/p>\r\n<p>Sobald die Bestellung best\u00e4tigt ist, wird der Klient auf die Paypal Seite umgeleitet, wo er die M\u00f6glichkeit hat, die Bezahlung mittels seines Kontos oder mittels Verwendung einer Karte, auch einer Prepaid-Karte, oder aber in Einklang mit den von Paypal akzeptierten Methoden und in \u00dcbereinstimmung mit PayPals Bestimmungen durchzuf\u00fchren.<\/p>\r\n<p>&nbsp;<\/p>\r\n<p><strong>5.2 Fakturierung des Auftrags<\/strong><\/p>\r\n<p>If the purchase is made by a professional, it will be possible to request the issuance of the invoice by entering exactly the company data and the VAT number in the required fields.<\/p>\r\n<p>The professional is responsible for the correct insertion of the billing data and is expressly informed that, in case of failure to request the invoice during the order, it will not be possible to request it later.<\/p>\r\n<p>In the case of Coupons obtained through platforms such as Spiiky (or other similar), Rogante srl is not obliged in any way to reimburse any credits, or sums of money remaining after using the coupons.<\/p>\r\n<p>For example, if you suppose a Total Cart of 60 \u20ac, and you use 3 vouchers of 25 \u20ac each, for a total of 75 \u20ac Rogante srl is not obliged in any way to pay or refund the remaining 15 \u20ac. Therefore, in the case of coupons, it is the Customer&#8217;s concern to calculate well the items to be purchased according to the coupons available to avoid losing money.<\/p>\r\n<p>&nbsp;<\/p>\r\n<p><strong>6. Transport und Zustellung<\/strong><\/p>\r\n<p>Die von der Webseite bestellten Produkte werden an die, w\u00e4hrend des Einkaufs vom Klienten in dem entsprechenden Feld zur Verf\u00fcgung gestellte Adresse geliefert.<\/p>\r\n<p>Alle Eink\u00e4ufe werden via Express Kurierdienst (im <strong>Folgenden Kurier<\/strong>), mit der Ausnahme von Ferien und Feiertagen, von Montag bis Freitag zugestellt. Rogante srl ist f\u00fcr unvorhergesehene und nicht von ihnen Verz\u00f6gerungen nicht verantwortlich. Sobald die Produkte versendet sind, erh\u00e4lt der Klient eine Best\u00e4tigung-Email mit einem Link, durch den der Klient die Sendung nachverfolgen kann.<\/p>\r\n<p>&nbsp;<\/p>\r\n<p><strong>7. R\u00fcckgaberecht<\/strong><\/p>\r\n<p>Laut Kaufvertrag hat der Klient das Recht vom Vertrag zur\u00fcckzutreten, aus welchem Grund auch immer, ohne eine Erkl\u00e4rung abgeben zu m\u00fcssen und ohne Vertragsstrafe, mit der Ausnahme von F\u00e4llen wie sie im Folgenden unter Punkt IV. vorgesehen sind. Um das R\u00fccktrittsrecht aus\u00fcben zu k\u00f6nnen, muss der Klient der Rogante srl innerhalb von <strong>14 Tagen<\/strong> nach Erhalt der Produkte eine entsprechende Mitteilung schicken. Falls jemand schon vor der Zustellung der Produkte vom Kauf zur\u00fccktreten will, kann die Mitteilung zu jeder Zeit vor dem Empfang der Produkte zugeschickt werden.<\/p>\r\n<p>Diese Mitteilung muss mittels Einschreiben mit R\u00fcckschein an folgende Adresse gesendet werden:<\/p>\r\n<p><strong>Rogante Srl<br \/><\/strong><strong>Via Menar\u00e8, 107<br \/><\/strong><strong>31015 Conegliano (TV) &#8211; Italy<\/strong><\/p>\r\n<p><strong>\u00a0<\/strong>Sobald das Kundenservice der Rogante srl die Mitteilung erhalten hat, wird es die Formalit\u00e4ten f\u00fcr die R\u00fcckgabe ausarbeiten. Der Klient wird dar\u00fcber informiert, wie er die Produkte zu retournieren hat: Die Produkte werden von einem von der Rogante srl beauftragten Kurier abgeholt.<\/p>\r\n<p>Das R\u00fcckgaberecht ist durch nachfolgende Bedingungen geregelt:<\/p>\r\n<ol>\r\n<li>Das R\u00fcckgaberecht ist an das komplette Produkt gebunden; sollte das Produkt aus mehr als einem Gegenstand bestehen, ist es deshalb nicht m\u00f6glich, nur einen Teil des erworbenen Produkts zur\u00fcckzugeben.<\/li>\r\n<li>Gesetzt des Falles, dass jemand von seinem R\u00fcckgaberecht Gebrauch macht, wird die Rogante srl dem Klienten die komplette Summe der retournierten Waren, wenn vorgesehen inklusive Versandkosten, innerhalb von 14 Tagen nach Erhalt der Mitteilung zur\u00fcckerstatten. Die Rogante srl hat allerdings das Recht die Zahlung der R\u00fcckverg\u00fctung so lange auszusetzen bis die Ware eingetroffen ist. Die R\u00fcckverg\u00fctung findet \u00fcber dieselben Zahlungsmethoden statt, die auch der Klient benutzt hat, au\u00dfer letzterer \u00e4u\u00dfert den speziellen Wunsch einer anderen Zahlungsmethode. Im Falle einer Bank\u00fcberweisung liegt es in der Verantwortung des Klienten die Bankdetails f\u00fcr die R\u00fcckverg\u00fctung zur Verf\u00fcgung zu stellen (Name des Inhaber des Kontos, Bankadresse, IBAN)<\/li>\r\n<li>Um die Waren in \u00dcbereinstimmung mit dem nachfolgenden Artikel 8 lieferkostenfrei zur\u00fcckzunehmen, ist es n\u00f6tig, dass die Produkte in derselben Verpackung retourniert werden, in der sie geliefert worden sind.<\/li>\r\n<li>Wie schon in der Einf\u00fchrung angezeigt (Klient, der eine Rechnung ben\u00f6tigt), wird das R\u00fcckgaberecht, in \u00dcbereinstimmung mit Art. 59 Gesetzesdekret 21\/2014 in den nachfolgenden F\u00e4llen verweigert:<\/li>\r\n<\/ol>\r\n<ul>\r\n<li>Bei der Bestellung personalisierter oder deutlich kundenspezifisch verpackter Produkte<\/li>\r\n<li>Bei der Bestellung versiegelter Produkte, die aus Gr\u00fcnden der Hygiene oder aus Gr\u00fcnden der Gesundheits- und Risikopr\u00e4vention nicht zur\u00fcckgenommen werden k\u00f6nnen oder aber versiegelte Produkte, die nach der Lieferung ge\u00f6ffnet wurden.<\/li>\r\n<li>Bei besch\u00e4digten Produkte, aus Gr\u00fcnden, die nicht auf den Transport zur\u00fcckzuf\u00fchren sind.<\/li>\r\n<\/ul>\r\n<p>Im Falle, dass das R\u00fcckgaberecht verweigert wird, wird die Rogante srl die Produkte an den Klienten retournieren und ihm die Lieferkosten daf\u00fcr in Rechnung stellen.<\/p>\r\n<p><strong>8. Kostenlose R\u00fccksendung im Falle des R\u00fcckgaberechts<\/strong><\/p>\r\n<p>Eine sehr g\u00fcnstige Situation f\u00fcr den Klienten entsteht, wenn die Rogante srl die kompletten Kosten der R\u00fccksendung der Produkte im Falle des R\u00fcckgaberechts \u00fcbernimmt.<\/p>\r\n<p>Um eine kostenlose Versendung in Anspruch nehmen zu k\u00f6nnen, muss der Klient, der sein R\u00fcckgaberecht aus\u00fcben will, der Vorgehensweise folgen wie sie im vorhergehenden Artikel 7 angezeigt wurde und darauf warten, von der Rogante srl kontaktiert zu werden, um der \u00dcbergabe der Produkte an den Kurier zuzustimmen.<\/p>\r\n<p>&nbsp;<\/p>\r\n<ol start=\"9\">\r\n<li><strong> Gew\u00e4hrleistung und Garantie<\/strong><\/li>\r\n<\/ol>\r\n<p>Falls die von der Rogante srl verkauften Produkte besch\u00e4digt sind, muss der Klient mittels speziellem Kontaktformular umgehend Kontakt mit dem Kundenservice aufnehmen.<\/p>\r\n<p>Der Verkauf der Produkte ist durch gesetzliche Garantien gem\u00e4\u00df Artikel 129, 130 und 132 des Verbraucherkodex gedeckt. Der Klient hat das Recht zu w\u00e4hlen und kann, unter der Bedingung, dass es die Art des Produkts erlaubt, das Produkt entweder repariert oder ohne zus\u00e4tzliche Kosten ersetzt haben oder einen ad\u00e4quaten Preisnachlass erhalten oder aber den Vertrag storniert haben.<\/p>\r\n<p>Der Klient b\u00fc\u00dft diese Rechte ein, wenn der Rogante srl das schadhafte Produkt nicht innerhalb von zwei Monaten vom Datum der Entdeckung des Defekts angezeigt wird. Handelt es sich um ein von Natur aus verderbliches Produkt oder um ein Produkt mit kurzer Haltbarkeitsdauer, muss der Defekt w\u00e4hrend dieses verk\u00fcrzten Zeitraums angezeigt werden.<\/p>\r\n<p>&nbsp;<\/p>\r\n<ol start=\"10\">\r\n<li><strong> Fehler und Haftungsbeschr\u00e4nkung<\/strong><\/li>\r\n<\/ol>\r\n<p>Auf der Webseite zur Verf\u00fcgung gestellte Produktinformationen werden laufend aktualisiert. Es ist allerdings unm\u00f6glich zu garantieren, dass keine Fehler auftreten, weshalb die Rogante srl daf\u00fcr keine Verantwortung \u00fcbernimmt, au\u00dfer es handelt sich um Betrug oder grobe Fahrl\u00e4ssigkeit.<\/p>\r\n<p>Rogante srl nimmt sich das Recht jeglichen Fehler, jede Ungenauigkeit oder Auslassung zu korrigieren, auch nachdem eine Bestellung bereits verschickt wurde und Informationen zu jeder Zeit und ohne vorausgehende Kommunikation zu \u00e4ndern oder zu aktualisieren, unter Ber\u00fccksichtigung der Rechte des Klienten laut Gesch\u00e4ftsbedingungen und Verbraucherkodex.<\/p>\r\n<p>Au\u00dfer im Fall von Betrug oder grober Vernachl\u00e4ssigung hat der Klient kein Recht Schadenersatz oder Entsch\u00e4digung zu fordern. Es besteht auch keine vertragliche oder au\u00dfervertragliche Haftung f\u00fcr direkte oder indirekte Sch\u00e4den an Personen und\/oder Dingen, infolge einer fehlgeschlagenen Annahme oder Handhabung einer Bestellung.<\/p>\r\n<p>&nbsp;<\/p>\r\n<ol start=\"11\">\r\n<li><strong> Reklamationen<\/strong><\/li>\r\n<\/ol>\r\n<p>Jede eventuelle Reklamation muss an die Rogante srl gesendet werden. Dabei muss entweder das entsprechende Kontaktformular verwendet werden oder man sendet sie als Einschreiben mit R\u00fcckschein an folgende Adresse::<\/p>\r\n<p><strong>Rogante srl<br \/><\/strong><strong>Via menar\u00e8 107,<br \/><\/strong><strong>31025 &#8211; Conegliano (TV) &#8211; ITALY<\/strong><\/p>\r\n<p>Rogante srl bem\u00fcht sich alle Anfragen innerhalb von sieben Werktagen zu beantworten.<\/p>\r\n<p>&nbsp;<\/p>\r\n<ol start=\"12\">\r\n<li><strong> Anwendbare Gesetze und zust\u00e4ndiges Gericht<\/strong><\/li>\r\n<\/ol>\r\n<p>Der Kaufvertrag zwischen Klient und Rogante srl gilt als in Italien abgeschlossen und vom italienischen Recht gedeckt. F\u00fcr Streitschlichtung in Bezug auf Interpretation, Anwendung oder Ausf\u00fchrung der Gesch\u00e4ftsbedingungen oder individueller Bestellungen, ist, sofern der Klient ein Kunde im Sinne des Verbraucherkodex ist, ausschlie\u00dflich das Gericht seiner Wohngemeinde, sofern in Italien beheimatet, zust\u00e4ndig. In allen anderen F\u00e4llen liegt die \u00f6rtliche Zust\u00e4ndigkeit ausschlie\u00dflich beim Gericht in Mantua, alle anderen eventuellen Gerichte sind ausgeschlossen.<\/p>\r\n<p>***<\/p>\r\n<p><em>Gem\u00e4\u00df Artikel 1341 des B\u00fcrgerlichen Gesetzbuches, erkl\u00e4rt der Klient , dass er ganz spezifisch folgenden Artikel der Gesch\u00e4ftsbedingungen gelesen und akzeptiert hat: 6 (Haftung f\u00fcr Verz\u00f6gerungen bei der Zustellung), 10 (F\u00e4higkeit Fehler zu korrigieren \u2013 Haftungsbeschr\u00e4nkung).<\/em><\/p>\r\n<p><em>\u00a0<\/em><\/p>\r\n<ol start=\"13\">\r\n<li>Anwendbares Recht und zust\u00e4ndiges Gericht<\/li>\r\n<\/ol>\r\n<p>Der Kaufvertrag zwischen dem Kunden und Rogante wird in Italien abgeschlossen und unterliegt italienischem Recht.<\/p>\r\n<p>Zur Beilegung von Streitigkeiten im Zusammenhang mit der Auslegung, Ausf\u00fchrung oder Beendigung dieser Allgemeinen Gesch\u00e4ftsbedingungen oder einzelner Bestellungen, wenn der Kunde Verbraucher im Sinne des Verbraucherschutzgesetzes ist, das Gericht seiner Wohngemeinde oder Sitz im italienischen Hoheitsgebiet, in allen anderen F\u00e4llen ist ausschlie\u00dflich das Gericht von Treviso zust\u00e4ndig, ein anderes zust\u00e4ndiges Gericht ausgeschlossen.<\/p>\r\n<p>***<\/p>\r\n<p>&nbsp;<\/p>\r\n<p>Gem\u00e4\u00df Artikel 1341 des B\u00fcrgerlichen Gesetzbuchs Der Kunde erkl\u00e4rt, die folgenden Artikel dieser Allgemeinen Gesch\u00e4ftsbedingungen gelesen und ausdr\u00fccklich akzeptiert zu haben: 6 (Haftung f\u00fcr Lieferverz\u00f6gerungen), 10 (Befugnis zur Korrektur von Fehlern, Haftungsausschluss).<\/p>\r\n<p>[\/vc_column_text][\/vc_column][\/vc_row]<\/p><\/div>","protected":false},"excerpt":{"rendered":"<p>[vc_row][vc_column][vc_column_text text_larger=&#8220;no&#8220;] Verkaufsbedingungen (gem\u00e4\u00df Kapitel I, Titel 3, Teil 3 des Gesetzesdekrets 206\/2005 und nachfolgenden \u00c4nderungen und Erg\u00e4nzungen) &nbsp; 1.<\/p>\n","protected":false},"author":1,"featured_media":0,"parent":0,"menu_order":0,"comment_status":"closed","ping_status":"closed","template":"","meta":{"footnotes":""},"class_list":["post-2863","page","type-page","status-publish","hentry"],"yoast_head":"<!-- This site is optimized with the Yoast SEO plugin v26.2 - https:\/\/yoast.com\/wordpress\/plugins\/seo\/ -->\n<title>Allgemeine Gesch\u00e4ftsbedingungen - Rogante<\/title>\n<meta name=\"robots\" content=\"index, follow, max-snippet:-1, max-image-preview:large, max-video-preview:-1\" \/>\n<link rel=\"canonical\" href=\"http:\/\/www.rogante.net\/de\/allgemeine-geschaeftsbedingungen\/\" \/>\n<meta property=\"og:locale\" content=\"de_DE\" \/>\n<meta property=\"og:type\" content=\"article\" \/>\n<meta property=\"og:title\" content=\"Allgemeine Gesch\u00e4ftsbedingungen - Rogante\" \/>\n<meta property=\"og:description\" content=\"[vc_row][vc_column][vc_column_text text_larger=&#8220;no&#8220;] Verkaufsbedingungen (gem\u00e4\u00df Kapitel I, Titel 3, Teil 3 des Gesetzesdekrets 206\/2005 und nachfolgenden \u00c4nderungen und Erg\u00e4nzungen) &nbsp; 1.\" \/>\n<meta property=\"og:url\" content=\"http:\/\/www.rogante.net\/de\/allgemeine-geschaeftsbedingungen\/\" \/>\n<meta property=\"og:site_name\" content=\"Rogante\" \/>\n<meta property=\"article:modified_time\" content=\"2020-11-03T10:45:30+00:00\" \/>\n<meta name=\"twitter:card\" content=\"summary_large_image\" \/>\n<meta name=\"twitter:label1\" content=\"Gesch\u00e4tzte Lesezeit\" \/>\n\t<meta name=\"twitter:data1\" content=\"12\u00a0Minuten\" \/>\n<script type=\"application\/ld+json\" class=\"yoast-schema-graph\">{\"@context\":\"https:\/\/schema.org\",\"@graph\":[{\"@type\":\"WebPage\",\"@id\":\"http:\/\/www.rogante.net\/de\/allgemeine-geschaeftsbedingungen\/\",\"url\":\"http:\/\/www.rogante.net\/de\/allgemeine-geschaeftsbedingungen\/\",\"name\":\"Allgemeine Gesch\u00e4ftsbedingungen - Rogante\",\"isPartOf\":{\"@id\":\"https:\/\/www.rogante.net\/de\/#website\"},\"datePublished\":\"2020-10-28T01:36:13+00:00\",\"dateModified\":\"2020-11-03T10:45:30+00:00\",\"breadcrumb\":{\"@id\":\"http:\/\/www.rogante.net\/de\/allgemeine-geschaeftsbedingungen\/#breadcrumb\"},\"inLanguage\":\"de\",\"potentialAction\":[{\"@type\":\"ReadAction\",\"target\":[\"http:\/\/www.rogante.net\/de\/allgemeine-geschaeftsbedingungen\/\"]}]},{\"@type\":\"BreadcrumbList\",\"@id\":\"http:\/\/www.rogante.net\/de\/allgemeine-geschaeftsbedingungen\/#breadcrumb\",\"itemListElement\":[{\"@type\":\"ListItem\",\"position\":1,\"name\":\"Home\",\"item\":\"https:\/\/www.rogante.net\/de\/\"},{\"@type\":\"ListItem\",\"position\":2,\"name\":\"Allgemeine Gesch\u00e4ftsbedingungen\"}]},{\"@type\":\"WebSite\",\"@id\":\"https:\/\/www.rogante.net\/de\/#website\",\"url\":\"https:\/\/www.rogante.net\/de\/\",\"name\":\"Rogante\",\"description\":\"Premium Sparkling Fruits\",\"potentialAction\":[{\"@type\":\"SearchAction\",\"target\":{\"@type\":\"EntryPoint\",\"urlTemplate\":\"https:\/\/www.rogante.net\/de\/?s={search_term_string}\"},\"query-input\":{\"@type\":\"PropertyValueSpecification\",\"valueRequired\":true,\"valueName\":\"search_term_string\"}}],\"inLanguage\":\"de\"}]}<\/script>\n<!-- \/ Yoast SEO plugin. -->","yoast_head_json":{"title":"Allgemeine Gesch\u00e4ftsbedingungen - Rogante","robots":{"index":"index","follow":"follow","max-snippet":"max-snippet:-1","max-image-preview":"max-image-preview:large","max-video-preview":"max-video-preview:-1"},"canonical":"http:\/\/www.rogante.net\/de\/allgemeine-geschaeftsbedingungen\/","og_locale":"de_DE","og_type":"article","og_title":"Allgemeine Gesch\u00e4ftsbedingungen - Rogante","og_description":"[vc_row][vc_column][vc_column_text text_larger=&#8220;no&#8220;] Verkaufsbedingungen (gem\u00e4\u00df Kapitel I, Titel 3, Teil 3 des Gesetzesdekrets 206\/2005 und nachfolgenden \u00c4nderungen und Erg\u00e4nzungen) &nbsp; 1.","og_url":"http:\/\/www.rogante.net\/de\/allgemeine-geschaeftsbedingungen\/","og_site_name":"Rogante","article_modified_time":"2020-11-03T10:45:30+00:00","twitter_card":"summary_large_image","twitter_misc":{"Gesch\u00e4tzte Lesezeit":"12\u00a0Minuten"},"schema":{"@context":"https:\/\/schema.org","@graph":[{"@type":"WebPage","@id":"http:\/\/www.rogante.net\/de\/allgemeine-geschaeftsbedingungen\/","url":"http:\/\/www.rogante.net\/de\/allgemeine-geschaeftsbedingungen\/","name":"Allgemeine Gesch\u00e4ftsbedingungen - Rogante","isPartOf":{"@id":"https:\/\/www.rogante.net\/de\/#website"},"datePublished":"2020-10-28T01:36:13+00:00","dateModified":"2020-11-03T10:45:30+00:00","breadcrumb":{"@id":"http:\/\/www.rogante.net\/de\/allgemeine-geschaeftsbedingungen\/#breadcrumb"},"inLanguage":"de","potentialAction":[{"@type":"ReadAction","target":["http:\/\/www.rogante.net\/de\/allgemeine-geschaeftsbedingungen\/"]}]},{"@type":"BreadcrumbList","@id":"http:\/\/www.rogante.net\/de\/allgemeine-geschaeftsbedingungen\/#breadcrumb","itemListElement":[{"@type":"ListItem","position":1,"name":"Home","item":"https:\/\/www.rogante.net\/de\/"},{"@type":"ListItem","position":2,"name":"Allgemeine Gesch\u00e4ftsbedingungen"}]},{"@type":"WebSite","@id":"https:\/\/www.rogante.net\/de\/#website","url":"https:\/\/www.rogante.net\/de\/","name":"Rogante","description":"Premium Sparkling Fruits","potentialAction":[{"@type":"SearchAction","target":{"@type":"EntryPoint","urlTemplate":"https:\/\/www.rogante.net\/de\/?s={search_term_string}"},"query-input":{"@type":"PropertyValueSpecification","valueRequired":true,"valueName":"search_term_string"}}],"inLanguage":"de"}]}},"_links":{"self":[{"href":"http:\/\/www.rogante.net\/de\/wp-json\/wp\/v2\/pages\/2863","targetHints":{"allow":["GET"]}}],"collection":[{"href":"http:\/\/www.rogante.net\/de\/wp-json\/wp\/v2\/pages"}],"about":[{"href":"http:\/\/www.rogante.net\/de\/wp-json\/wp\/v2\/types\/page"}],"author":[{"embeddable":true,"href":"http:\/\/www.rogante.net\/de\/wp-json\/wp\/v2\/users\/1"}],"replies":[{"embeddable":true,"href":"http:\/\/www.rogante.net\/de\/wp-json\/wp\/v2\/comments?post=2863"}],"version-history":[{"count":0,"href":"http:\/\/www.rogante.net\/de\/wp-json\/wp\/v2\/pages\/2863\/revisions"}],"wp:attachment":[{"href":"http:\/\/www.rogante.net\/de\/wp-json\/wp\/v2\/media?parent=2863"}],"curies":[{"name":"wp","href":"https:\/\/api.w.org\/{rel}","templated":true}]}}